   {"id":3856,"date":"2014-12-16T20:22:50","date_gmt":"2014-12-16T18:22:50","guid":{"rendered":"https:\/\/smartourism.cat\/?page_id=3856"},"modified":"2014-12-16T20:24:02","modified_gmt":"2014-12-16T18:24:02","slug":"us","status":"publish","type":"page","link":"https:\/\/smartourism.cat\/en\/us\/","title":{"rendered":"About us"},"content":{"rendered":"<p>[et_pb_section fullwidth=&#8221;on&#8221; specialty=&#8221;off&#8221; background_image=&#8221;https:\/\/smartourism.cat\/wp-content\/uploads\/2014\/07\/base_smartourism.png&#8221; background_color=&#8221;#ffffff&#8221; inner_shadow=&#8221;on&#8221; parallax=&#8221;off&#8221; parallax_method=&#8221;off&#8221; transparent_background=&#8221;off&#8221;][et_pb_fullwidth_menu admin_label=&#8221;MEN\u00da DE SECCI\u00d3N&#8221; menu_id=&#8221;17&#8243; background_color=&#8221;#3b6c72&#8243; background_layout=&#8221;dark&#8221; text_orientation=&#8221;left&#8221; \/][\/et_pb_section][et_pb_section fullwidth=&#8221;off&#8221; specialty=&#8221;off&#8221;][et_pb_row][et_pb_column type=&#8221;1_4&#8243;][et_pb_cta admin_label=&#8221;Call To Action&#8221; title=&#8221;View my profile on LinkedIn&#8221; button_url=&#8221;es.linkedin.com\/in\/monicafont\/es&#8221; button_text=&#8221;Go&#8221; use_background_color=&#8221;on&#8221; background_color=&#8221;#f2f2f2&#8243; background_layout=&#8221;light&#8221; text_orientation=&#8221;center&#8221; \/][et_pb_image admin_label=&#8221;Image&#8221; src=&#8221;https:\/\/smartourism.cat\/wp-content\/uploads\/2014\/09\/monica_smartourism.png&#8221; show_in_lightbox=&#8221;off&#8221; url_new_window=&#8221;off&#8221; animation=&#8221;off&#8221; sticky=&#8221;off&#8221; \/][\/et_pb_column][et_pb_column type=&#8221;3_4&#8243;][et_pb_text admin_label=&#8221;Text&#8221; background_layout=&#8221;light&#8221; text_orientation=&#8221;left&#8221;]<\/p>\n<h2>M\u00f2nica Font Ballb\u00e9<\/h2>\n<p>[\/et_pb_text][et_pb_text admin_label=&#8221;Text&#8221; background_layout=&#8221;light&#8221; text_orientation=&#8221;left&#8221;]<\/p>\n<p>I love travelling. This has always been my passion. And not only travelling, but also the organization of trips and events for family and friends. It is not by chance that I have been involved in Tourism for over 15 years now.<\/p>\n<p>I work in the Tourism business since I was very young. I developed my experience in all kind of tourist companies: campsites, hotels, car rentals, tourist offices, museums, travel agencies, DMCs, OTAs, travel consultants\u2026 both in operational departments and in strategic business areas, in online and offline environments.<\/p>\n<p>My expertise has been implemented with temporary stays abroad for study or professional reasons. I have had the opportunity to work together with brilliant professionals and the privilege of managing great teams. This gives me a clear perspective and a wide vision of the tourism business.<\/p>\n<p>I am specialized in tourist products design and marketing. I have knowledge in sales, communication and revenue management in online as well as offline environments. This provides me with a wide networking capacity in the tourism industry.<\/p>\n<p>I am passionate about internet, tourism, gastronomy and hiking.<\/p>\n<p>I cooperate with other reliable professionals in the tourism business.<\/p>\n<p>[\/et_pb_text][\/et_pb_column][\/et_pb_row][\/et_pb_section][et_pb_section fullwidth=&#8221;off&#8221; specialty=&#8221;off&#8221; background_image=&#8221;https:\/\/smartourism.cat\/wp-content\/uploads\/2014\/07\/base_smartourism_blue_2.png&#8221; transparent_background=&#8221;off&#8221; background_color=&#8221;#ffffff&#8221; inner_shadow=&#8221;off&#8221; parallax=&#8221;off&#8221; parallax_method=&#8221;off&#8221;][et_pb_row][et_pb_column type=&#8221;4_4&#8243;][et_pb_cta admin_label=&#8221;Call To Action&#8221; title=&#8221;SMARTOURISM&#8221; button_url=&#8221;https:\/\/smartourism.cat\/contacte\/&#8221; button_text=&#8221;Contact&#8221; use_background_color=&#8221;off&#8221; background_color=&#8221;#e5ca4b&#8221; background_layout=&#8221;dark&#8221; text_orientation=&#8221;center&#8221;]Marketing services for tourist companies[\/et_pb_cta][\/et_pb_column][\/et_pb_row][\/et_pb_section]<\/p>\n","protected":false},"excerpt":{"rendered":"<p>[et_pb_section fullwidth=&#8221;on&#8221; specialty=&#8221;off&#8221; background_image=&#8221;https:\/\/smartourism.cat\/wp-content\/uploads\/2014\/07\/base_smartourism.png&#8221; background_color=&#8221;#ffffff&#8221; inner_shadow=&#8221;on&#8221; parallax=&#8221;off&#8221; parallax_method=&#8221;off&#8221; transparent_background=&#8221;off&#8221;][et_pb_fullwidth_menu admin_label=&#8221;MEN\u00da DE SECCI\u00d3N&#8221; menu_id=&#8221;17&#8243; background_color=&#8221;#3b6c72&#8243; background_layout=&#8221;dark&#8221; text_orientation=&#8221;left&#8221; \/][\/et_pb_section][et_pb_section fullwidth=&#8221;off&#8221; specialty=&#8221;off&#8221;][et_pb_row][et_pb_column type=&#8221;1_4&#8243;][et_pb_cta admin_label=&#8221;Call To Action&#8221; title=&#8221;View my profile on LinkedIn&#8221; button_url=&#8221;es.linkedin.com\/in\/monicafont\/es&#8221; button_text=&#8221;Go&#8221; use_background_color=&#8221;on&#8221; background_color=&#8221;#f2f2f2&#8243; background_layout=&#8221;light&#8221; text_orientation=&#8221;center&#8221; \/][et_pb_image admin_label=&#8221;Image&#8221; src=&#8221;https:\/\/smartourism.cat\/wp-content\/uploads\/2014\/09\/monica_smartourism.png&#8221; show_in_lightbox=&#8221;off&#8221; url_new_window=&#8221;off&#8221; animation=&#8221;off&#8221; sticky=&#8221;off&#8221; \/][\/et_pb_column][et_pb_column type=&#8221;3_4&#8243;][et_pb_text admin_label=&#8221;Text&#8221; background_layout=&#8221;light&#8221; text_orientation=&#8221;left&#8221;] M\u00f2nica Font Ballb\u00e9 [\/et_pb_text][et_pb_text admin_label=&#8221;Text&#8221; background_layout=&#8221;light&#8221; text_orientation=&#8221;left&#8221;] I love [&hellip;]<\/p>\n","protected":false},"author":2,"featured_media":0,"parent":0,"menu_order":0,"comment_status":"open","ping_status":"closed","template":"","meta":{"_et_pb_use_builder":"on","_et_pb_old_content":"[et_pb_section fullwidth=\"on\" specialty=\"off\" background_image=\"https:\/\/smartourism.cat\/wp-content\/uploads\/2014\/07\/base_smartourism.png\" background_color=\"#ffffff\" inner_shadow=\"on\" parallax=\"off\" parallax_method=\"off\" transparent_background=\"off\"][et_pb_fullwidth_menu admin_label=\"MEN\u00da DE SECCI\u00d3N\" menu_id=\"17\" background_color=\"#3b6c72\" background_layout=\"dark\" text_orientation=\"left\" \/][\/et_pb_section][et_pb_section fullwidth=\"off\" specialty=\"off\"][et_pb_row][et_pb_column type=\"1_4\"][et_pb_cta admin_label=\"Call To Action\" title=\"Veure el meu perfil a Linkedin\" button_url=\"es.linkedin.com\/in\/monicafont\/es\" button_text=\"Anar-hi\" use_background_color=\"on\" background_color=\"#f2f2f2\" background_layout=\"light\" text_orientation=\"center\" \/][et_pb_image admin_label=\"Image\" src=\"https:\/\/smartourism.cat\/wp-content\/uploads\/2014\/09\/monica_smartourism.png\" show_in_lightbox=\"off\" url_new_window=\"off\" animation=\"off\" sticky=\"off\" \/][\/et_pb_column][et_pb_column type=\"3_4\"][et_pb_text admin_label=\"Text\" background_layout=\"light\" text_orientation=\"left\"]\r\n<h2>M\u00f2nica Font Ballb\u00e9<\/h2>\r\n[\/et_pb_text][et_pb_text admin_label=\"Text\" background_layout=\"light\" text_orientation=\"left\"]\r\n\r\nM\u2019encanta viatjar: \u00c9s una de les meves passions des de sempre. I no nom\u00e9s viatjar, tamb\u00e9 la organitzaci\u00f3 de viatges i esdeveniments per a familiars i amics. No \u00e9s casualitat doncs que em dediqui al m\u00f3n del turisme des de fa m\u00e9s de 15 anys.\r\n\r\nTreballo al sector tur\u00edstic des de molt jove. La meva experi\u00e8ncia s\u2019ha desenvolupat en tot tipus d\u2019empreses: c\u00e0mping, hotels, lloguer de cotxes, oficines de turisme, museus, ag\u00e8ncies de viatges, receptius, ag\u00e8ncia de viatge online, consultoria tur\u00edstica\u2026 tant a departaments operatius com en \u00e0rees m\u00e9s estrat\u00e8giques; en entorns offline i tamb\u00e9 online.\r\n\r\nLa meva experi\u00e8ncia s\u2019ha completat amb temporades viscudes a l\u2019estranger per raons d\u2019estudi o de feina. He tingut la sort d\u2019haver treballat amb grans professionals i el privilegi de dirigir equips brillants; cosa que m\u2019ha donat una visi\u00f3 molt \u00e0mplia del sector tur\u00edstic.\r\n\r\nS\u00f3c especialista en disseny i comercialitzaci\u00f3 de productes i serveis tur\u00edstics. Tamb\u00e9 tinc coneixements de marketing, comercialitzaci\u00f3 i comunicaci\u00f3, revenue management i del sector tur\u00edstic en tots els nivells, tant en entorns online com offline, el que em proporciona un ampli coneixement del sector tur\u00edstic i hoteler.\r\n\r\nLes meves passions s\u00f3n internet, el turisme, la gastronomia i el senderisme.\r\n\r\nCol\u00b7laboro amb xarxa amb altres professionals del sector.\r\n\r\n[\/et_pb_text][\/et_pb_column][\/et_pb_row][\/et_pb_section][et_pb_section fullwidth=\"off\" specialty=\"off\" background_image=\"https:\/\/smartourism.cat\/wp-content\/uploads\/2014\/07\/base_smartourism_blue_2.png\" transparent_background=\"off\" background_color=\"#ffffff\" inner_shadow=\"off\" parallax=\"off\" parallax_method=\"off\"][et_pb_row][et_pb_column type=\"4_4\"][et_pb_cta admin_label=\"Call To Action\" title=\"SMARTOURISM\" button_url=\"https:\/\/smartourism.cat\/contacte\/\" button_text=\"Contactar\" use_background_color=\"off\" background_color=\"#e5ca4b\" background_layout=\"dark\" text_orientation=\"center\"]Comercialitzaci\u00f3 i marketing per empreses Tur\u00edstiques[\/et_pb_cta][\/et_pb_column][\/et_pb_row][\/et_pb_section]","_et_gb_content_width":"","_mi_skip_tracking":false},"_links":{"self":[{"href":"https:\/\/smartourism.cat\/en\/wp-json\/wp\/v2\/pages\/3856"}],"collection":[{"href":"https:\/\/smartourism.cat\/en\/wp-json\/wp\/v2\/pages"}],"about":[{"href":"https:\/\/smartourism.cat\/en\/wp-json\/wp\/v2\/types\/page"}],"author":[{"embeddable":true,"href":"https:\/\/smartourism.cat\/en\/wp-json\/wp\/v2\/users\/2"}],"replies":[{"embeddable":true,"href":"https:\/\/smartourism.cat\/en\/wp-json\/wp\/v2\/comments?post=3856"}],"version-history":[{"count":3,"href":"https:\/\/smartourism.cat\/en\/wp-json\/wp\/v2\/pages\/3856\/revisions"}],"predecessor-version":[{"id":3892,"href":"https:\/\/smartourism.cat\/en\/wp-json\/wp\/v2\/pages\/3856\/revisions\/3892"}],"wp:attachment":[{"href":"https:\/\/smartourism.cat\/en\/wp-json\/wp\/v2\/media?parent=3856"}],"curies":[{"name":"wp","href":"https:\/\/api.w.org\/{rel}","templated":true}]}}