   {"id":3869,"date":"2014-12-16T19:54:55","date_gmt":"2014-12-16T17:54:55","guid":{"rendered":"https:\/\/smartourism.cat\/?page_id=3869"},"modified":"2014-12-16T19:54:55","modified_gmt":"2014-12-16T17:54:55","slug":"marketing-advise","status":"publish","type":"page","link":"https:\/\/smartourism.cat\/en\/services\/marketing-advise\/","title":{"rendered":"Marketing Advise"},"content":{"rendered":"<p>[et_pb_section fullwidth=&#8221;on&#8221; specialty=&#8221;off&#8221; background_image=&#8221;https:\/\/smartourism.cat\/wp-content\/uploads\/2014\/07\/base_smartourism.png&#8221; background_color=&#8221;#ffffff&#8221; inner_shadow=&#8221;on&#8221; parallax=&#8221;off&#8221; parallax_method=&#8221;off&#8221; transparent_background=&#8221;off&#8221;][et_pb_fullwidth_menu admin_label=&#8221;MEN\u00da DE SECCI\u00d3N&#8221; menu_id=&#8221;15&#8243; background_color=&#8221;#3b6c72&#8243; background_layout=&#8221;dark&#8221; text_orientation=&#8221;left&#8221; \/][\/et_pb_section][et_pb_section fullwidth=&#8221;off&#8221; specialty=&#8221;off&#8221;][et_pb_row][et_pb_column type=&#8221;1_4&#8243;][et_pb_image admin_label=&#8221;Image&#8221; src=&#8221;https:\/\/smartourism.cat\/wp-content\/uploads\/2014\/07\/logo-slide-smartourism.png&#8221; show_in_lightbox=&#8221;off&#8221; url_new_window=&#8221;off&#8221; animation=&#8221;off&#8221; sticky=&#8221;off&#8221; \/][\/et_pb_column][et_pb_column type=&#8221;3_4&#8243;][et_pb_text admin_label=&#8221;Text&#8221; background_layout=&#8221;light&#8221; text_orientation=&#8221;left&#8221;]<\/p>\n<h2>Marketing Advise.<\/h2>\n<p>[\/et_pb_text][et_pb_text admin_label=&#8221;Text&#8221; background_layout=&#8221;light&#8221; text_orientation=&#8221;left&#8221;]<\/p>\n<p>Are you looking for a marketing advisor? We can help you out!<\/p>\n<p>Our proposals:<\/p>\n<p>\u2022 Advice and design of the marketing strategy of your Company<br \/>\n\u2022 Creation of the marketing action plan<br \/>\n\u2022 Sales staff recruitment<br \/>\n\u2022 Staff training<br \/>\n\u2022 Generation of operational procedures for the different departments involved (sales, marketing, reception, reservations, etc.)<br \/>\n\u2022 Distribution channels contracting<br \/>\n\u2022 Clients\u2019 Database Creation<br \/>\n\u2022 Selection of the best operational tools (CRM, emailing apps, channel manager, online reputation manager, etc.)<br \/>\n\u2022 Daily support to the different departments on the new procedures<\/p>\n<p>[\/et_pb_text][\/et_pb_column][\/et_pb_row][\/et_pb_section][et_pb_section fullwidth=&#8221;on&#8221; specialty=&#8221;off&#8221; background_color=&#8221;#333333&#8243; inner_shadow=&#8221;off&#8221; parallax=&#8221;off&#8221; parallax_method=&#8221;off&#8221; background_image=&#8221;https:\/\/smartourism.cat\/wp-content\/uploads\/2014\/07\/base_smartourism_blue_2.png&#8221; transparent_background=&#8221;off&#8221;][et_pb_fullwidth_header admin_label=&#8221;LEMA FULL&#8221; title=&#8221;Marketing services for tourist companies&#8221; background_layout=&#8221;dark&#8221; text_orientation=&#8221;center&#8221; \/][\/et_pb_section]<\/p>\n","protected":false},"excerpt":{"rendered":"<p>[et_pb_section fullwidth=&#8221;on&#8221; specialty=&#8221;off&#8221; background_image=&#8221;https:\/\/smartourism.cat\/wp-content\/uploads\/2014\/07\/base_smartourism.png&#8221; background_color=&#8221;#ffffff&#8221; inner_shadow=&#8221;on&#8221; parallax=&#8221;off&#8221; parallax_method=&#8221;off&#8221; transparent_background=&#8221;off&#8221;][et_pb_fullwidth_menu admin_label=&#8221;MEN\u00da DE SECCI\u00d3N&#8221; menu_id=&#8221;15&#8243; background_color=&#8221;#3b6c72&#8243; background_layout=&#8221;dark&#8221; text_orientation=&#8221;left&#8221; \/][\/et_pb_section][et_pb_section fullwidth=&#8221;off&#8221; specialty=&#8221;off&#8221;][et_pb_row][et_pb_column type=&#8221;1_4&#8243;][et_pb_image admin_label=&#8221;Image&#8221; src=&#8221;https:\/\/smartourism.cat\/wp-content\/uploads\/2014\/07\/logo-slide-smartourism.png&#8221; show_in_lightbox=&#8221;off&#8221; url_new_window=&#8221;off&#8221; animation=&#8221;off&#8221; sticky=&#8221;off&#8221; \/][\/et_pb_column][et_pb_column type=&#8221;3_4&#8243;][et_pb_text admin_label=&#8221;Text&#8221; background_layout=&#8221;light&#8221; text_orientation=&#8221;left&#8221;] Marketing Advise. [\/et_pb_text][et_pb_text admin_label=&#8221;Text&#8221; background_layout=&#8221;light&#8221; text_orientation=&#8221;left&#8221;] Are you looking for a marketing advisor? We can help you out! Our proposals: \u2022 Advice and design [&hellip;]<\/p>\n","protected":false},"author":2,"featured_media":0,"parent":3863,"menu_order":0,"comment_status":"open","ping_status":"closed","template":"","meta":{"_et_pb_use_builder":"on","_et_pb_old_content":"<p>[et_pb_section fullwidth=\"on\" specialty=\"off\" background_image=\"https:\/\/smartourism.cat\/wp-content\/uploads\/2014\/07\/base_smartourism.png\" background_color=\"#ffffff\" inner_shadow=\"on\" parallax=\"off\" parallax_method=\"off\" transparent_background=\"off\"][et_pb_fullwidth_menu admin_label=\"MEN\u00da DE SECCI\u00d3N\" menu_id=\"15\" background_color=\"#3b6c72\" background_layout=\"dark\" text_orientation=\"left\" \/][\/et_pb_section][et_pb_section fullwidth=\"off\" specialty=\"off\"][et_pb_row][et_pb_column type=\"1_4\"][et_pb_image admin_label=\"Image\" src=\"https:\/\/smartourism.cat\/wp-content\/uploads\/2014\/07\/logo-slide-smartourism.png\" show_in_lightbox=\"off\" url_new_window=\"off\" animation=\"off\" sticky=\"off\" \/][\/et_pb_column][et_pb_column type=\"3_4\"][et_pb_text admin_label=\"Text\" background_layout=\"light\" text_orientation=\"left\"]<\/p><h2>Assessorament comercial.<\/h2><p>[\/et_pb_text][et_pb_text admin_label=\"Text\" background_layout=\"light\" text_orientation=\"left\"]<\/p><p>Busques un consultor comercial, nosaltres et podem ajudar.<\/p><p>Algunes de les nostres propostes:<\/p><p style=\"padding-left: 30px;\">\u2022 Assessorament i disseny de l\u2019estrat\u00e8gia comercial de la teva empresa<br \/> \u2022 Creaci\u00f3 del pla d\u2019acci\u00f3 comercial<br \/> \u2022 Selecci\u00f3 del personal del departament de vendes<br \/> \u2022 Formaci\u00f3 del personal<br \/> \u2022 Creaci\u00f3 dels procediments de l'operativa dels diferents departaments que intervenen (comercial, m\u00e0rqueting, recepci\u00f3, reserves, etc)<br \/> \u2022 Contractaci\u00f3 dels canals de distribuci\u00f3 per vendre el teu producte<br \/> \u2022 Creaci\u00f3 de bases de dades de clients<br \/> \u2022 Elecci\u00f3 de les millors eines per operar (CRM, programa emailing, channel manager, gestor de la reputaci\u00f3 online, etc)<br \/> \u2022 Acompanyament en el dia a dia del departament<\/p><p>[\/et_pb_text][\/et_pb_column][\/et_pb_row][\/et_pb_section][et_pb_section fullwidth=\"on\" specialty=\"off\" background_color=\"#333333\" inner_shadow=\"off\" parallax=\"off\" parallax_method=\"off\" background_image=\"https:\/\/smartourism.cat\/wp-content\/uploads\/2014\/07\/base_smartourism_blue_2.png\" transparent_background=\"off\"][et_pb_fullwidth_header admin_label=\"LEMA FULL\" title=\"Comercialitzaci\u00f3 i marketing per empreses Tur\u00edstiques\" background_layout=\"dark\" text_orientation=\"center\" \/][\/et_pb_section]<\/p>","_et_gb_content_width":"","_mi_skip_tracking":false},"_links":{"self":[{"href":"https:\/\/smartourism.cat\/en\/wp-json\/wp\/v2\/pages\/3869"}],"collection":[{"href":"https:\/\/smartourism.cat\/en\/wp-json\/wp\/v2\/pages"}],"about":[{"href":"https:\/\/smartourism.cat\/en\/wp-json\/wp\/v2\/types\/page"}],"author":[{"embeddable":true,"href":"https:\/\/smartourism.cat\/en\/wp-json\/wp\/v2\/users\/2"}],"replies":[{"embeddable":true,"href":"https:\/\/smartourism.cat\/en\/wp-json\/wp\/v2\/comments?post=3869"}],"version-history":[{"count":1,"href":"https:\/\/smartourism.cat\/en\/wp-json\/wp\/v2\/pages\/3869\/revisions"}],"predecessor-version":[{"id":3870,"href":"https:\/\/smartourism.cat\/en\/wp-json\/wp\/v2\/pages\/3869\/revisions\/3870"}],"up":[{"embeddable":true,"href":"https:\/\/smartourism.cat\/en\/wp-json\/wp\/v2\/pages\/3863"}],"wp:attachment":[{"href":"https:\/\/smartourism.cat\/en\/wp-json\/wp\/v2\/media?parent=3869"}],"curies":[{"name":"wp","href":"https:\/\/api.w.org\/{rel}","templated":true}]}}