   {"id":3871,"date":"2014-12-16T19:56:58","date_gmt":"2014-12-16T17:56:58","guid":{"rendered":"https:\/\/smartourism.cat\/?page_id=3871"},"modified":"2014-12-16T19:58:07","modified_gmt":"2014-12-16T17:58:07","slug":"hotel-product-contracting","status":"publish","type":"page","link":"https:\/\/smartourism.cat\/en\/services\/hotel-product-contracting\/","title":{"rendered":"Hotel and Product Contracting"},"content":{"rendered":"<p>[et_pb_section fullwidth=&#8221;on&#8221; specialty=&#8221;off&#8221; background_image=&#8221;https:\/\/smartourism.cat\/wp-content\/uploads\/2014\/07\/base_smartourism.png&#8221; background_color=&#8221;#ffffff&#8221; inner_shadow=&#8221;on&#8221; parallax=&#8221;off&#8221; parallax_method=&#8221;off&#8221; transparent_background=&#8221;off&#8221;][et_pb_fullwidth_menu admin_label=&#8221;MEN\u00da DE SECCI\u00d3N&#8221; menu_id=&#8221;15&#8243; background_color=&#8221;#3b6c72&#8243; background_layout=&#8221;dark&#8221; text_orientation=&#8221;left&#8221; \/][\/et_pb_section][et_pb_section fullwidth=&#8221;off&#8221; specialty=&#8221;off&#8221;][et_pb_row][et_pb_column type=&#8221;1_4&#8243;][et_pb_image admin_label=&#8221;Image&#8221; src=&#8221;https:\/\/smartourism.cat\/wp-content\/uploads\/2014\/07\/logo-slide-smartourism.png&#8221; show_in_lightbox=&#8221;off&#8221; url_new_window=&#8221;off&#8221; animation=&#8221;off&#8221; sticky=&#8221;off&#8221; \/][\/et_pb_column][et_pb_column type=&#8221;3_4&#8243;][et_pb_text admin_label=&#8221;Text&#8221; background_layout=&#8221;light&#8221; text_orientation=&#8221;left&#8221;]<\/p>\n<h2>Hotel and Product Contracting.<\/h2>\n<p>[\/et_pb_text][et_pb_text admin_label=&#8221;Text&#8221; background_layout=&#8221;light&#8221; text_orientation=&#8221;left&#8221;]<\/p>\n<p>Are you looking for someone on a temporary basis, or just for some hours a week to take care of your hotel contracting, to activate a new product on your website, create your brochure\u2026?<\/p>\n<p> We can help you with:<\/p>\n<ul>\n<li>Creation of IDS\/OTA contracting department: Staff recruitment, generation of procedures, target definition, creation of databases, staff training, etc.<\/li>\n<li>Contracting of hotels, hostels, apartments and other accommodations for your website, OTA, TO, DMC or group.<\/li>\n<li>Search and selection of the best service suppliers<\/li>\n<li>Negotiation on rates, commissions, payments and contracts screening<\/li>\n<\/ul>\n<p>[\/et_pb_text][et_pb_image admin_label=&#8221;Image&#8221; src=&#8221;https:\/\/smartourism.cat\/wp-content\/uploads\/2014\/07\/contratacionhotelera.jpg&#8221; show_in_lightbox=&#8221;off&#8221; url_new_window=&#8221;off&#8221; animation=&#8221;off&#8221; sticky=&#8221;off&#8221; \/][\/et_pb_column][\/et_pb_row][\/et_pb_section][et_pb_section fullwidth=&#8221;on&#8221; specialty=&#8221;off&#8221; background_color=&#8221;#333333&#8243; inner_shadow=&#8221;off&#8221; parallax=&#8221;off&#8221; parallax_method=&#8221;off&#8221; background_image=&#8221;https:\/\/smartourism.cat\/wp-content\/uploads\/2014\/07\/base_smartourism_blue_2.png&#8221; transparent_background=&#8221;off&#8221;][et_pb_fullwidth_header admin_label=&#8221;LEMA FULL&#8221; title=&#8221;Marketing services for tourist companies&#8221; background_layout=&#8221;dark&#8221; text_orientation=&#8221;center&#8221; \/][\/et_pb_section]<\/p>\n","protected":false},"excerpt":{"rendered":"<p>[et_pb_section fullwidth=&#8221;on&#8221; specialty=&#8221;off&#8221; background_image=&#8221;https:\/\/smartourism.cat\/wp-content\/uploads\/2014\/07\/base_smartourism.png&#8221; background_color=&#8221;#ffffff&#8221; inner_shadow=&#8221;on&#8221; parallax=&#8221;off&#8221; parallax_method=&#8221;off&#8221; transparent_background=&#8221;off&#8221;][et_pb_fullwidth_menu admin_label=&#8221;MEN\u00da DE SECCI\u00d3N&#8221; menu_id=&#8221;15&#8243; background_color=&#8221;#3b6c72&#8243; background_layout=&#8221;dark&#8221; text_orientation=&#8221;left&#8221; \/][\/et_pb_section][et_pb_section fullwidth=&#8221;off&#8221; specialty=&#8221;off&#8221;][et_pb_row][et_pb_column type=&#8221;1_4&#8243;][et_pb_image admin_label=&#8221;Image&#8221; src=&#8221;https:\/\/smartourism.cat\/wp-content\/uploads\/2014\/07\/logo-slide-smartourism.png&#8221; show_in_lightbox=&#8221;off&#8221; url_new_window=&#8221;off&#8221; animation=&#8221;off&#8221; sticky=&#8221;off&#8221; \/][\/et_pb_column][et_pb_column type=&#8221;3_4&#8243;][et_pb_text admin_label=&#8221;Text&#8221; background_layout=&#8221;light&#8221; text_orientation=&#8221;left&#8221;] Hotel and Product Contracting. [\/et_pb_text][et_pb_text admin_label=&#8221;Text&#8221; background_layout=&#8221;light&#8221; text_orientation=&#8221;left&#8221;] Are you looking for someone on a temporary basis, or just for some hours a week [&hellip;]<\/p>\n","protected":false},"author":2,"featured_media":0,"parent":3863,"menu_order":0,"comment_status":"open","ping_status":"closed","template":"","meta":{"_et_pb_use_builder":"on","_et_pb_old_content":"<p>[et_pb_section fullwidth=\"on\" specialty=\"off\" background_image=\"https:\/\/smartourism.cat\/wp-content\/uploads\/2014\/07\/base_smartourism.png\" background_color=\"#ffffff\" inner_shadow=\"on\" parallax=\"off\" parallax_method=\"off\" transparent_background=\"off\"][et_pb_fullwidth_menu admin_label=\"MEN\u00da DE SECCI\u00d3N\" menu_id=\"15\" background_color=\"#3b6c72\" background_layout=\"dark\" text_orientation=\"left\" \/][\/et_pb_section][et_pb_section fullwidth=\"off\" specialty=\"off\"][et_pb_row][et_pb_column type=\"1_4\"][et_pb_image admin_label=\"Image\" src=\"https:\/\/smartourism.cat\/wp-content\/uploads\/2014\/07\/logo-slide-smartourism.png\" show_in_lightbox=\"off\" url_new_window=\"off\" animation=\"off\" sticky=\"off\" \/][\/et_pb_column][et_pb_column type=\"3_4\"][et_pb_text admin_label=\"Text\" background_layout=\"light\" text_orientation=\"left\"]<\/p><h2>Contractaci\u00f3 hotelera i de producte.<\/h2><p>[\/et_pb_text][et_pb_text admin_label=\"Text\" background_layout=\"light\" text_orientation=\"left\"]<\/p><p>Busques una persona per crear el departament de contractaci\u00f3 o b\u00e9 per fer la contractaci\u00f3 d\u2019hotels, i\/o altres productes tur\u00edstics per la teva web, IDS, OTA, cat\u00e0leg, s\u00e8ries de grups.<\/p><p>Et podem ajudar amb:<\/p><ul><li>Creaci\u00f3 del departament de contractaci\u00f3 de IDS o OTA: contractaci\u00f3 del personal, creaci\u00f3 de procediments, definici\u00f3 dels objectius, creaci\u00f3 de bases de dades, formaci\u00f3 del personal, etc.<\/li><li>Contractaci\u00f3 d\u2019hotels, hostals, apartaments tur\u00edstics per a la teva web, OTA,<em> touroperador<\/em> , ag\u00e8ncia receptiva o grup.<\/li><li>Cerca dels millors prove\u00efdors de serveis.<\/li><li>Negociaci\u00f3 de tarifes, comissions, pagaments i revisi\u00f3 de contractes.<\/li><\/ul><p>[\/et_pb_text][et_pb_image admin_label=\"Image\" src=\"https:\/\/smartourism.cat\/wp-content\/uploads\/2014\/07\/contratacionhotelera.jpg\" show_in_lightbox=\"off\" url_new_window=\"off\" animation=\"off\" sticky=\"off\" \/][\/et_pb_column][\/et_pb_row][\/et_pb_section][et_pb_section fullwidth=\"on\" specialty=\"off\" background_color=\"#333333\" inner_shadow=\"off\" parallax=\"off\" parallax_method=\"off\" background_image=\"https:\/\/smartourism.cat\/wp-content\/uploads\/2014\/07\/base_smartourism_blue_2.png\" transparent_background=\"off\"][et_pb_fullwidth_header admin_label=\"LEMA FULL\" title=\"Comercialitzaci\u00f3 i marketing per empreses Tur\u00edstiques\" background_layout=\"dark\" text_orientation=\"center\" \/][\/et_pb_section]<\/p>","_et_gb_content_width":"","_mi_skip_tracking":false},"_links":{"self":[{"href":"https:\/\/smartourism.cat\/en\/wp-json\/wp\/v2\/pages\/3871"}],"collection":[{"href":"https:\/\/smartourism.cat\/en\/wp-json\/wp\/v2\/pages"}],"about":[{"href":"https:\/\/smartourism.cat\/en\/wp-json\/wp\/v2\/types\/page"}],"author":[{"embeddable":true,"href":"https:\/\/smartourism.cat\/en\/wp-json\/wp\/v2\/users\/2"}],"replies":[{"embeddable":true,"href":"https:\/\/smartourism.cat\/en\/wp-json\/wp\/v2\/comments?post=3871"}],"version-history":[{"count":3,"href":"https:\/\/smartourism.cat\/en\/wp-json\/wp\/v2\/pages\/3871\/revisions"}],"predecessor-version":[{"id":3874,"href":"https:\/\/smartourism.cat\/en\/wp-json\/wp\/v2\/pages\/3871\/revisions\/3874"}],"up":[{"embeddable":true,"href":"https:\/\/smartourism.cat\/en\/wp-json\/wp\/v2\/pages\/3863"}],"wp:attachment":[{"href":"https:\/\/smartourism.cat\/en\/wp-json\/wp\/v2\/media?parent=3871"}],"curies":[{"name":"wp","href":"https:\/\/api.w.org\/{rel}","templated":true}]}}