   {"id":3893,"date":"2014-12-16T20:29:05","date_gmt":"2014-12-16T18:29:05","guid":{"rendered":"https:\/\/smartourism.cat\/?page_id=3893"},"modified":"2014-12-16T20:29:05","modified_gmt":"2014-12-16T18:29:05","slug":"methodology","status":"publish","type":"page","link":"https:\/\/smartourism.cat\/en\/methodology\/","title":{"rendered":"Methodology"},"content":{"rendered":"<p>[et_pb_section fullwidth=&#8221;on&#8221; specialty=&#8221;off&#8221; background_image=&#8221;https:\/\/smartourism.cat\/wp-content\/uploads\/2014\/07\/base_smartourism.png&#8221; background_color=&#8221;#ffffff&#8221; inner_shadow=&#8221;on&#8221; parallax=&#8221;off&#8221; parallax_method=&#8221;off&#8221; transparent_background=&#8221;off&#8221;][et_pb_fullwidth_menu admin_label=&#8221;MEN\u00da DE SECCI\u00d3N&#8221; menu_id=&#8221;22&#8243; background_color=&#8221;#3b6c72&#8243; background_layout=&#8221;dark&#8221; text_orientation=&#8221;left&#8221; \/][\/et_pb_section][et_pb_section fullwidth=&#8221;off&#8221; specialty=&#8221;off&#8221;][et_pb_row][et_pb_column type=&#8221;1_4&#8243;][et_pb_image admin_label=&#8221;Image&#8221; src=&#8221;https:\/\/smartourism.cat\/wp-content\/uploads\/2014\/07\/logo-slide-smartourism.png&#8221; show_in_lightbox=&#8221;off&#8221; url_new_window=&#8221;off&#8221; animation=&#8221;off&#8221; sticky=&#8221;off&#8221; \/][\/et_pb_column][et_pb_column type=&#8221;1_4&#8243;][et_pb_image admin_label=&#8221;Image&#8221; src=&#8221;https:\/\/smartourism.cat\/wp-content\/uploads\/2014\/09\/logo-metodologia-smartourism1.png&#8221; show_in_lightbox=&#8221;off&#8221; url_new_window=&#8221;off&#8221; animation=&#8221;off&#8221; sticky=&#8221;off&#8221; \/][\/et_pb_column][et_pb_column type=&#8221;1_2&#8243;][et_pb_text admin_label=&#8221;Text&#8221; background_layout=&#8221;light&#8221; text_orientation=&#8221;left&#8221;]<\/p>\n<p><strong>Methodology.<\/strong><\/p>\n<p>My method is practical, logical and based on common sense, client-oriented to adapt to your budget and requirements to achieve the objectives.<\/p>\n<p>We are flexible and adapt. We can work at your premises, from our office, or combine. We can define a phone or email backup on a fixed basis and\/or set up meetings on a regular basis for the follow up and support on each project.<\/p>\n<p>Share your needs with us and we will find a suitable solution<\/p>\n<p>How we work:<\/p>\n<p><strong>1st Stage: Preliminary meeting:<\/strong><\/p>\n<p>Definition, together with the client, of the objectives, needs and KPIs.<\/p>\n<p>Definition of the budget and human resources for the project development<\/p>\n<p>Study of the actions in course<\/p>\n<p>Data Compilation<\/p>\n<p>\u00a0<\/p>\n<p><strong>2nd Stage: Study and evaluation. Second meeting:<\/strong><\/p>\n<p>Project presentation<\/p>\n<p>Improvements Suggested<\/p>\n<p>Action and goal plan definition<\/p>\n<p>Project Approval<\/p>\n<p>\u00a0<\/p>\n<p><strong>3\u00aa Hands on <\/strong><\/p>\n<p>We start the actions focused on the objectives according to the approved action plan.<\/p>\n<p>\u00a0<\/p>\n<p>\u00a0<\/p>\n<p>\u00a0<\/p>\n<p>\u00a0<\/p>\n<p>\u00a0<\/p>\n<p>[\/et_pb_text][\/et_pb_column][\/et_pb_row][\/et_pb_section][et_pb_section fullwidth=&#8221;off&#8221; specialty=&#8221;off&#8221; background_image=&#8221;https:\/\/smartourism.cat\/wp-content\/uploads\/2014\/07\/base_smartourism_blue_2.png&#8221; transparent_background=&#8221;off&#8221; background_color=&#8221;#ffffff&#8221; inner_shadow=&#8221;off&#8221; parallax=&#8221;off&#8221; parallax_method=&#8221;off&#8221;][et_pb_row][et_pb_column type=&#8221;4_4&#8243;][et_pb_cta admin_label=&#8221;Call To Action&#8221; title=&#8221;SMARTOURISM&#8221; button_url=&#8221;https:\/\/smartourism.cat\/contacte\/&#8221; button_text=&#8221;Contact&#8221; use_background_color=&#8221;off&#8221; background_color=&#8221;#e5ca4b&#8221; background_layout=&#8221;dark&#8221; text_orientation=&#8221;center&#8221;]Marketing services for tourist companies[\/et_pb_cta][\/et_pb_column][\/et_pb_row][\/et_pb_section]<\/p>\n","protected":false},"excerpt":{"rendered":"<p>[et_pb_section fullwidth=&#8221;on&#8221; specialty=&#8221;off&#8221; background_image=&#8221;https:\/\/smartourism.cat\/wp-content\/uploads\/2014\/07\/base_smartourism.png&#8221; background_color=&#8221;#ffffff&#8221; inner_shadow=&#8221;on&#8221; parallax=&#8221;off&#8221; parallax_method=&#8221;off&#8221; transparent_background=&#8221;off&#8221;][et_pb_fullwidth_menu admin_label=&#8221;MEN\u00da DE SECCI\u00d3N&#8221; menu_id=&#8221;22&#8243; background_color=&#8221;#3b6c72&#8243; background_layout=&#8221;dark&#8221; text_orientation=&#8221;left&#8221; \/][\/et_pb_section][et_pb_section fullwidth=&#8221;off&#8221; specialty=&#8221;off&#8221;][et_pb_row][et_pb_column type=&#8221;1_4&#8243;][et_pb_image admin_label=&#8221;Image&#8221; src=&#8221;https:\/\/smartourism.cat\/wp-content\/uploads\/2014\/07\/logo-slide-smartourism.png&#8221; show_in_lightbox=&#8221;off&#8221; url_new_window=&#8221;off&#8221; animation=&#8221;off&#8221; sticky=&#8221;off&#8221; \/][\/et_pb_column][et_pb_column type=&#8221;1_4&#8243;][et_pb_image admin_label=&#8221;Image&#8221; src=&#8221;https:\/\/smartourism.cat\/wp-content\/uploads\/2014\/09\/logo-metodologia-smartourism1.png&#8221; show_in_lightbox=&#8221;off&#8221; url_new_window=&#8221;off&#8221; animation=&#8221;off&#8221; sticky=&#8221;off&#8221; \/][\/et_pb_column][et_pb_column type=&#8221;1_2&#8243;][et_pb_text admin_label=&#8221;Text&#8221; background_layout=&#8221;light&#8221; text_orientation=&#8221;left&#8221;] Methodology. My method is practical, logical and based on common sense, client-oriented to adapt to your [&hellip;]<\/p>\n","protected":false},"author":2,"featured_media":0,"parent":0,"menu_order":0,"comment_status":"open","ping_status":"closed","template":"","meta":{"_et_pb_use_builder":"on","_et_pb_old_content":"[et_pb_section fullwidth=\"on\" specialty=\"off\" background_image=\"https:\/\/smartourism.cat\/wp-content\/uploads\/2014\/07\/base_smartourism.png\" background_color=\"#ffffff\" inner_shadow=\"on\" parallax=\"off\" parallax_method=\"off\" transparent_background=\"off\"][et_pb_fullwidth_menu admin_label=\"MEN\u00da DE SECCI\u00d3N\" menu_id=\"22\" background_color=\"#3b6c72\" background_layout=\"dark\" text_orientation=\"left\" \/][\/et_pb_section][et_pb_section fullwidth=\"off\" specialty=\"off\"][et_pb_row][et_pb_column type=\"1_4\"][et_pb_image admin_label=\"Image\" src=\"https:\/\/smartourism.cat\/wp-content\/uploads\/2014\/07\/logo-slide-smartourism.png\" show_in_lightbox=\"off\" url_new_window=\"off\" animation=\"off\" sticky=\"off\" \/][\/et_pb_column][et_pb_column type=\"1_4\"][et_pb_image admin_label=\"Image\" src=\"https:\/\/smartourism.cat\/wp-content\/uploads\/2014\/09\/logo-metodologia-smartourism1.png\" show_in_lightbox=\"off\" url_new_window=\"off\" animation=\"off\" sticky=\"off\" \/][\/et_pb_column][et_pb_column type=\"1_2\"][et_pb_text admin_label=\"Text\" background_layout=\"light\" text_orientation=\"left\"]\r\n\r\n<strong>Metodologia.<\/strong>\r\n\r\nUtilitzem un m\u00e8tode pr\u00e0ctic, l\u00f2gic i amb molt sentit com\u00fa, adaptant-nos al teu pressupost per aconseguir els objectius marcats.\r\n\r\nNo et presentarem grans informes, ho farem senzill perqu\u00e8 ens puguem posar en marxa el m\u00e9s aviat possible.\r\n\r\nCada empresa est\u00e0 formada per persones i les persones tenen necessitats diferents. Nosaltres som flexibles i ens adaptem, sempre i quan estigui a les nostres mans. Podem treballar a l\u2019empresa del client, des de la nostra oficina, tamb\u00e9 podem fixar consultes telef\u00f2niques, consultes per email, fixar reunions peri\u00f2diques etc...\r\n\r\nDigna\u2019ns les teves necessitats i segur que trobem una soluci\u00f3\r\n\r\nCom treballem:\r\n\r\n<strong>1\u00aa Fase: Reuni\u00f3 Inicial amb el client:<\/strong>\r\n\r\nOn es definiran els objectius\r\n\r\nLes necessitats i kpi\u2019s\r\n\r\nPressupost i recursos humans per dur a terme el projecte\r\n\r\nVeure quines accions s\u2019estan duent a terme\r\n\r\nRecopilaci\u00f3 de dades\r\n\r\n&nbsp;\r\n\r\n<strong>2\u00aa Fase: Estudi i avaluaci\u00f3<\/strong>\r\n\r\nSegona reuni\u00f3\r\n\r\nReuni\u00f3 presentaci\u00f3 del projecte\r\n\r\nPropostes de millora\r\n\r\nDefinici\u00f3 de pla d\u2019accions i objectius\r\n\r\nAprovaci\u00f3 de projecte\r\n\r\n&nbsp;\r\n\r\n<strong>3\u00aa Mans a l\u2019obra<\/strong>\r\n\r\nEns posem a treballar sobre els objectius marcats segons el pla d\u2019accions\r\n\r\n&nbsp;\r\n\r\n&nbsp;\r\n\r\n&nbsp;\r\n\r\n&nbsp;\r\n\r\n&nbsp;\r\n\r\n[\/et_pb_text][\/et_pb_column][\/et_pb_row][\/et_pb_section][et_pb_section fullwidth=\"off\" specialty=\"off\" background_image=\"https:\/\/smartourism.cat\/wp-content\/uploads\/2014\/07\/base_smartourism_blue_2.png\" transparent_background=\"off\" background_color=\"#ffffff\" inner_shadow=\"off\" parallax=\"off\" parallax_method=\"off\"][et_pb_row][et_pb_column type=\"4_4\"][et_pb_cta admin_label=\"Call To Action\" title=\"SMARTOURISM\" button_url=\"https:\/\/smartourism.cat\/contacte\/\" button_text=\"Contactar\" use_background_color=\"off\" background_color=\"#e5ca4b\" background_layout=\"dark\" text_orientation=\"center\"]Comercialitzaci\u00f3 i marketing per empreses Tur\u00edstiques[\/et_pb_cta][\/et_pb_column][\/et_pb_row][\/et_pb_section]","_et_gb_content_width":"","_mi_skip_tracking":false},"_links":{"self":[{"href":"https:\/\/smartourism.cat\/en\/wp-json\/wp\/v2\/pages\/3893"}],"collection":[{"href":"https:\/\/smartourism.cat\/en\/wp-json\/wp\/v2\/pages"}],"about":[{"href":"https:\/\/smartourism.cat\/en\/wp-json\/wp\/v2\/types\/page"}],"author":[{"embeddable":true,"href":"https:\/\/smartourism.cat\/en\/wp-json\/wp\/v2\/users\/2"}],"replies":[{"embeddable":true,"href":"https:\/\/smartourism.cat\/en\/wp-json\/wp\/v2\/comments?post=3893"}],"version-history":[{"count":1,"href":"https:\/\/smartourism.cat\/en\/wp-json\/wp\/v2\/pages\/3893\/revisions"}],"predecessor-version":[{"id":3894,"href":"https:\/\/smartourism.cat\/en\/wp-json\/wp\/v2\/pages\/3893\/revisions\/3894"}],"wp:attachment":[{"href":"https:\/\/smartourism.cat\/en\/wp-json\/wp\/v2\/media?parent=3893"}],"curies":[{"name":"wp","href":"https:\/\/api.w.org\/{rel}","templated":true}]}}