   {"id":3482,"date":"2014-10-09T16:46:32","date_gmt":"2014-10-09T14:46:32","guid":{"rendered":"https:\/\/smartourism.cat\/?page_id=3482"},"modified":"2015-03-03T13:33:28","modified_gmt":"2015-03-03T11:33:28","slug":"que-hacemos","status":"publish","type":"page","link":"https:\/\/smartourism.cat\/es\/","title":{"rendered":"Que hacemos"},"content":{"rendered":"<p>[et_pb_section fullwidth=\u00bbon\u00bb specialty=\u00bboff\u00bb background_color=\u00bb#ffffff\u00bb inner_shadow=\u00bbon\u00bb parallax=\u00bboff\u00bb parallax_method=\u00bbcss\u00bb][et_pb_fullwidth_slider admin_label=\u00bbFullwidth Slider\u00bb show_arrows=\u00bbon\u00bb show_pagination=\u00bbon\u00bb auto=\u00bbon\u00bb parallax=\u00bboff\u00bb auto_speed=\u00bb4000&#8243; parallax_method=\u00bboff\u00bb][et_pb_slide background_image=\u00bbhttps:\/\/smartourism.cat\/wp-content\/uploads\/2014\/07\/base_smartourism_blue22.png\u00bb background_color=\u00bb#ffffff\u00bb alignment=\u00bbcenter\u00bb background_layout=\u00bbdark\u00bb heading=\u00bbSMARTOURISM\u00bb image=\u00bbhttps:\/\/smartourism.cat\/wp-content\/uploads\/2014\/07\/trans.png\u00bb]<\/p>\n<h2>Servicios de comercializaci\u00f3n y marketing para empresas tur\u00edsticas.<\/h2>\n<p>[\/et_pb_slide][\/et_pb_fullwidth_slider][\/et_pb_section][et_pb_section fullwidth=\u00bboff\u00bb specialty=\u00bboff\u00bb transparent_background=\u00bboff\u00bb background_color=\u00bb#ffffff\u00bb inner_shadow=\u00bboff\u00bb parallax=\u00bboff\u00bb parallax_method=\u00bboff\u00bb module_id=\u00bbsobre\u00bb][et_pb_row][et_pb_column type=\u00bb1_2&#8243;][et_pb_text admin_label=\u00bbText\u00bb background_layout=\u00bblight\u00bb text_orientation=\u00bbleft\u00bb]<\/p>\n<p>&nbsp;<\/p>\n<h3>\u00bfQu\u00e9 hacemos?<\/h3>\n<p>&nbsp;<\/p>\n<p>[\/et_pb_text][et_pb_text admin_label=\u00bbText\u00bb background_layout=\u00bblight\u00bb text_orientation=\u00bbleft\u00bb]<\/p>\n<p>Nuestra misi\u00f3n es dar soluciones a algunos de los problemas que tienen empresas tur\u00edsticas o destinos tur\u00edsticos en temas de comercializaci\u00f3n, promoci\u00f3n, venta y comunicaci\u00f3n.<\/p>\n<p>El sector tur\u00edstico es un sector muy competitivo. La gesti\u00f3n no es f\u00e1cil, sobre todo para una peque\u00f1a o mediana empresa, con recursos limitados, que no siempre puede contar con una persona experta o tener un departamento de comercializaci\u00f3n y marketing online. Nosotros te podemos ayudar a dise\u00f1ar una estrategia digital y de venta directa, dar un cambio de rumbo o sencillamente ayud\u00e1ndote en un proyecto determinado\u00a0temporalmente o unas horas a la semana.<\/p>\n<p>\u00a1Cont\u00e1ctanos! \u00a0Seguro que encontramos una soluci\u00f3n que se adapte a las necesidades de tu negocio.<\/p>\n<p>&nbsp;<\/p>\n<p>[\/et_pb_text][\/et_pb_column][et_pb_column type=\u00bb1_2&#8243;][et_pb_image admin_label=\u00bbImage\u00bb src=\u00bbhttps:\/\/smartourism.cat\/wp-content\/uploads\/2014\/07\/image_home_smartourism4.png\u00bb show_in_lightbox=\u00bbon\u00bb url_new_window=\u00bboff\u00bb animation=\u00bboff\u00bb sticky=\u00bboff\u00bb \/][\/et_pb_column][\/et_pb_row][et_pb_row][et_pb_column type=\u00bb1_2&#8243;][et_pb_text admin_label=\u00bbText\u00bb background_layout=\u00bblight\u00bb text_orientation=\u00bbleft\u00bb]<\/p>\n<p>&nbsp;<\/p>\n<h3>Especialistas en:<\/h3>\n<p>&nbsp;<\/p>\n<p>[\/et_pb_text][et_pb_blurb admin_label=\u00bbTEXT INICI\u00bb url_new_window=\u00bboff\u00bb use_icon=\u00bboff\u00bb font_icon=\u00bb9&#8243; icon_color=\u00bb#333333&#8243; use_circle=\u00bboff\u00bb circle_color=\u00bb#00bd09&#8243; use_circle_border=\u00bboff\u00bb circle_border_color=\u00bb#00bd09&#8243; icon_placement=\u00bbleft\u00bb animation=\u00bboff\u00bb background_layout=\u00bblight\u00bb text_orientation=\u00bbleft\u00bb image=\u00bbhttps:\/\/smartourism.cat\/wp-content\/uploads\/2014\/07\/icon-smartourism.png\u00bb]<\/p>\n<p>Externalizaci\u00f3n comercial para empresas tecnol\u00f3gicas y start-ups\u00a0 del sector tur\u00edstico y hotelero.<\/p>\n<p>[\/et_pb_blurb][et_pb_blurb admin_label=\u00bbTEXT INICI\u00bb url_new_window=\u00bboff\u00bb use_icon=\u00bboff\u00bb font_icon=\u00bb9&#8243; icon_color=\u00bb#333333&#8243; use_circle=\u00bboff\u00bb circle_color=\u00bb#00bd09&#8243; use_circle_border=\u00bboff\u00bb circle_border_color=\u00bb#00bd09&#8243; icon_placement=\u00bbleft\u00bb animation=\u00bboff\u00bb background_layout=\u00bblight\u00bb text_orientation=\u00bbleft\u00bb image=\u00bbhttps:\/\/smartourism.cat\/wp-content\/uploads\/2014\/07\/icon-smartourism.png\u00bb]<\/p>\n<p>Venta y distribuci\u00f3n online de servicios y productos tur\u00edsticos para hoteles, empresas tur\u00edsticas y destinos.<\/p>\n<p>[\/et_pb_blurb][et_pb_blurb admin_label=\u00bbTEXT INICI\u00bb url_new_window=\u00bboff\u00bb use_icon=\u00bboff\u00bb font_icon=\u00bb9&#8243; icon_color=\u00bb#333333&#8243; use_circle=\u00bboff\u00bb circle_color=\u00bb#00bd09&#8243; use_circle_border=\u00bboff\u00bb circle_border_color=\u00bb#00bd09&#8243; icon_placement=\u00bbleft\u00bb animation=\u00bboff\u00bb background_layout=\u00bblight\u00bb text_orientation=\u00bbleft\u00bb image=\u00bbhttps:\/\/smartourism.cat\/wp-content\/uploads\/2014\/07\/icon-smartourism.png\u00bb]<\/p>\n<p>Dise\u00f1o de la estrategia comercial: desde la creaci\u00f3n del plan estrat\u00e9gico y de acci\u00f3n comercial hasta su puesta en marcha.<\/p>\n<p>[\/et_pb_blurb][et_pb_blurb admin_label=\u00bbTEXT INICI\u00bb url_new_window=\u00bboff\u00bb use_icon=\u00bboff\u00bb font_icon=\u00bb9&#8243; icon_color=\u00bb#333333&#8243; use_circle=\u00bboff\u00bb circle_color=\u00bb#00bd09&#8243; use_circle_border=\u00bboff\u00bb circle_border_color=\u00bb#00bd09&#8243; icon_placement=\u00bbleft\u00bb animation=\u00bboff\u00bb background_layout=\u00bblight\u00bb text_orientation=\u00bbleft\u00bb image=\u00bbhttps:\/\/smartourism.cat\/wp-content\/uploads\/2014\/07\/icon-smartourism.png\u00bb]<\/p>\n<p>Dise\u00f1o y creaci\u00f3n de productos tur\u00edsticos y ofertas tem\u00e1ticas segmentadas.<\/p>\n<p>[\/et_pb_blurb][et_pb_blurb admin_label=\u00bbTEXT INICI\u00bb url_new_window=\u00bboff\u00bb use_icon=\u00bboff\u00bb font_icon=\u00bb9&#8243; icon_color=\u00bb#333333&#8243; use_circle=\u00bboff\u00bb circle_color=\u00bb#00bd09&#8243; use_circle_border=\u00bboff\u00bb circle_border_color=\u00bb#00bd09&#8243; icon_placement=\u00bbleft\u00bb animation=\u00bboff\u00bb background_layout=\u00bblight\u00bb text_orientation=\u00bbleft\u00bb image=\u00bbhttps:\/\/smartourism.cat\/wp-content\/uploads\/2014\/07\/icon-smartourism.png\u00bb]<\/p>\n<p>Reposicionamiento estrat\u00e9gico online de la empresa y replanteamiento estrat\u00e9gico de la presencia online de hoteles, empresas tur\u00edsticos y destinos.<\/p>\n<p>[\/et_pb_blurb][\/et_pb_column][et_pb_column type=\u00bb1_2&#8243;][et_pb_image admin_label=\u00bbImage\u00bb src=\u00bbhttps:\/\/smartourism.cat\/wp-content\/uploads\/2014\/07\/image_home_smartourism22.png\u00bb show_in_lightbox=\u00bbon\u00bb url_new_window=\u00bboff\u00bb animation=\u00bboff\u00bb sticky=\u00bboff\u00bb \/][\/et_pb_column][\/et_pb_row][\/et_pb_section][et_pb_section fullwidth=\u00bboff\u00bb specialty=\u00bboff\u00bb background_image=\u00bbhttps:\/\/smartourism.cat\/wp-content\/uploads\/2014\/07\/base_smartourism_blue_2.png\u00bb transparent_background=\u00bboff\u00bb background_color=\u00bb#ffffff\u00bb inner_shadow=\u00bboff\u00bb parallax=\u00bboff\u00bb parallax_method=\u00bboff\u00bb][et_pb_row][et_pb_column type=\u00bb4_4&#8243;][et_pb_cta admin_label=\u00bbCall To Action\u00bb title=\u00bbSMARTOURISM\u00bb button_url=\u00bbhttps:\/\/smartourism.cat\/contacte\/\u00bb button_text=\u00bbContactar\u00bb use_background_color=\u00bboff\u00bb background_color=\u00bb#e5ca4b\u00bb background_layout=\u00bbdark\u00bb text_orientation=\u00bbcenter\u00bb]Comercializaci\u00f3n y marketing para empresas Tur\u00edsticas[\/et_pb_cta][\/et_pb_column][\/et_pb_row][\/et_pb_section]<\/p>\n","protected":false},"excerpt":{"rendered":"<p>[et_pb_section fullwidth=\u00bbon\u00bb specialty=\u00bboff\u00bb background_color=\u00bb#ffffff\u00bb inner_shadow=\u00bbon\u00bb parallax=\u00bboff\u00bb parallax_method=\u00bbcss\u00bb][et_pb_fullwidth_slider admin_label=\u00bbFullwidth Slider\u00bb show_arrows=\u00bbon\u00bb show_pagination=\u00bbon\u00bb auto=\u00bbon\u00bb parallax=\u00bboff\u00bb auto_speed=\u00bb4000&#8243; parallax_method=\u00bboff\u00bb][et_pb_slide background_image=\u00bbhttps:\/\/smartourism.cat\/wp-content\/uploads\/2014\/07\/base_smartourism_blue22.png\u00bb background_color=\u00bb#ffffff\u00bb alignment=\u00bbcenter\u00bb background_layout=\u00bbdark\u00bb heading=\u00bbSMARTOURISM\u00bb image=\u00bbhttps:\/\/smartourism.cat\/wp-content\/uploads\/2014\/07\/trans.png\u00bb] Servicios de comercializaci\u00f3n y marketing para empresas tur\u00edsticas. [\/et_pb_slide][\/et_pb_fullwidth_slider][\/et_pb_section][et_pb_section fullwidth=\u00bboff\u00bb specialty=\u00bboff\u00bb transparent_background=\u00bboff\u00bb background_color=\u00bb#ffffff\u00bb inner_shadow=\u00bboff\u00bb parallax=\u00bboff\u00bb parallax_method=\u00bboff\u00bb module_id=\u00bbsobre\u00bb][et_pb_row][et_pb_column type=\u00bb1_2&#8243;][et_pb_text admin_label=\u00bbText\u00bb background_layout=\u00bblight\u00bb text_orientation=\u00bbleft\u00bb] &nbsp; \u00bfQu\u00e9 hacemos? &nbsp; [\/et_pb_text][et_pb_text admin_label=\u00bbText\u00bb background_layout=\u00bblight\u00bb text_orientation=\u00bbleft\u00bb] Nuestra misi\u00f3n es dar soluciones [&hellip;]<\/p>\n","protected":false},"author":2,"featured_media":0,"parent":0,"menu_order":0,"comment_status":"open","ping_status":"closed","template":"","meta":{"_et_pb_use_builder":"on","_et_pb_old_content":"","_et_gb_content_width":"","_mi_skip_tracking":false},"_links":{"self":[{"href":"https:\/\/smartourism.cat\/es\/wp-json\/wp\/v2\/pages\/3482"}],"collection":[{"href":"https:\/\/smartourism.cat\/es\/wp-json\/wp\/v2\/pages"}],"about":[{"href":"https:\/\/smartourism.cat\/es\/wp-json\/wp\/v2\/types\/page"}],"author":[{"embeddable":true,"href":"https:\/\/smartourism.cat\/es\/wp-json\/wp\/v2\/users\/2"}],"replies":[{"embeddable":true,"href":"https:\/\/smartourism.cat\/es\/wp-json\/wp\/v2\/comments?post=3482"}],"version-history":[{"count":12,"href":"https:\/\/smartourism.cat\/es\/wp-json\/wp\/v2\/pages\/3482\/revisions"}],"predecessor-version":[{"id":3945,"href":"https:\/\/smartourism.cat\/es\/wp-json\/wp\/v2\/pages\/3482\/revisions\/3945"}],"wp:attachment":[{"href":"https:\/\/smartourism.cat\/es\/wp-json\/wp\/v2\/media?parent=3482"}],"curies":[{"name":"wp","href":"https:\/\/api.w.org\/{rel}","templated":true}]}}