   {"id":3513,"date":"2014-10-09T19:21:26","date_gmt":"2014-10-09T17:21:26","guid":{"rendered":"https:\/\/smartourism.cat\/?page_id=3513"},"modified":"2015-02-20T10:38:08","modified_gmt":"2015-02-20T08:38:08","slug":"quienes-somos","status":"publish","type":"page","link":"https:\/\/smartourism.cat\/es\/quienes-somos\/","title":{"rendered":"Quienes somos"},"content":{"rendered":"<p>[et_pb_section fullwidth=\u00bbon\u00bb specialty=\u00bboff\u00bb background_image=\u00bbhttps:\/\/smartourism.cat\/wp-content\/uploads\/2014\/07\/base_smartourism.png\u00bb background_color=\u00bb#ffffff\u00bb inner_shadow=\u00bbon\u00bb parallax=\u00bboff\u00bb parallax_method=\u00bboff\u00bb transparent_background=\u00bboff\u00bb][et_pb_fullwidth_menu admin_label=\u00bbMEN\u00da DE SECCI\u00d3N\u00bb menu_id=\u00bb17&#8243; background_color=\u00bb#3b6c72&#8243; background_layout=\u00bbdark\u00bb text_orientation=\u00bbleft\u00bb \/][\/et_pb_section][et_pb_section fullwidth=\u00bboff\u00bb specialty=\u00bboff\u00bb][et_pb_row][et_pb_column type=\u00bb1_4&#8243;][et_pb_cta admin_label=\u00bbCall To Action\u00bb title=\u00bbVer mi perfil en Linkedin\u00bb button_url=\u00bbes.linkedin.com\/in\/monicafont\/es\u00bb button_text=\u00bbIr\u00bb use_background_color=\u00bbon\u00bb background_color=\u00bb#f2f2f2&#8243; background_layout=\u00bblight\u00bb text_orientation=\u00bbcenter\u00bb \/][et_pb_image admin_label=\u00bbImage\u00bb src=\u00bbhttps:\/\/smartourism.cat\/wp-content\/uploads\/2014\/09\/monica_smartourism.png\u00bb show_in_lightbox=\u00bboff\u00bb url_new_window=\u00bboff\u00bb animation=\u00bboff\u00bb sticky=\u00bboff\u00bb \/][\/et_pb_column][et_pb_column type=\u00bb3_4&#8243;][et_pb_text admin_label=\u00bbText\u00bb background_layout=\u00bblight\u00bb text_orientation=\u00bbleft\u00bb]<\/p>\n<h2>M\u00f2nica Font Ballb\u00e9<\/h2>\n<p>[\/et_pb_text][et_pb_text admin_label=\u00bbText\u00bb background_layout=\u00bblight\u00bb text_orientation=\u00bbleft\u00bb]<\/p>\n<p>Me encanta viajar. Es una de mis pasiones desde siempre. Y no s\u00f3lo viajar, tambi\u00e9n la organizaci\u00f3n de viajes y eventos para familiares y amigos. No es casualidad pues, que me dedique al turismo desde hace ya m\u00e1s de 15 a\u00f1os.<\/p>\n<p>Trabajo en el sector tur\u00edstico desde muy joven. Mi experiencia se ha desarrollado en todo tipo de empresas: camping, hoteles, alquiler de coches, oficinas de turismo, museos, agencias de viajes, receptivos, agencia de viajes <em>online\u200b\u200b<\/em>, consultor\u00eda tur\u00edstica &#8230; tanto en departamentos operativos como en \u00e1reas m\u00e1s estrat\u00e9gicas; en entornos <em>offline<\/em> y tambi\u00e9n\u00a0<em>online<\/em>.<\/p>\n<p>Mi\u00a0experiencia\u00a0se ha completado\u00a0con temporadas vividas en el extranjero por razones de estudio o de trabajo. He tenido la suerte de haber trabajado junto a grandes profesionales y \u00a0he tenido el privilegio de haber dirigido\u00a0equipos muy brillantes. De ah\u00ed que disponga de\u00a0una visi\u00f3n muy amplia del sector tur\u00edstico.<\/p>\n<p>Soy especialista en dise\u00f1o y comercializaci\u00f3n de productos y servicios tur\u00edsticos. Tambi\u00e9n tengo conocimientos de marketing, comercializaci\u00f3n y comunicaci\u00f3n, revenue management y del sector tur\u00edstico en todos los niveles, tanto en entornos online como offline, lo que me ha proporciona una amplia capacidad de\u00a0networking en el\u00a0sector.<\/p>\n<p>Mis pasiones son internet, el turismo, la gastronom\u00eda y el senderismo.<\/p>\n<p>Colaboro con red con otros profesionales del sector con los que tengo total confianza.<\/p>\n<p>[\/et_pb_text][\/et_pb_column][\/et_pb_row][\/et_pb_section][et_pb_section fullwidth=\u00bboff\u00bb specialty=\u00bboff\u00bb background_image=\u00bbhttps:\/\/smartourism.cat\/wp-content\/uploads\/2014\/07\/base_smartourism_blue_2.png\u00bb transparent_background=\u00bboff\u00bb background_color=\u00bb#ffffff\u00bb inner_shadow=\u00bboff\u00bb parallax=\u00bboff\u00bb parallax_method=\u00bboff\u00bb][et_pb_row][et_pb_column type=\u00bb4_4&#8243;][et_pb_cta admin_label=\u00bbCall To Action\u00bb title=\u00bbSMARTOURISM\u00bb button_url=\u00bbhttps:\/\/smartourism.cat\/contacte\/\u00bb button_text=\u00bbContactar\u00bb use_background_color=\u00bboff\u00bb background_color=\u00bb#e5ca4b\u00bb background_layout=\u00bbdark\u00bb text_orientation=\u00bbcenter\u00bb]Comercializaci\u00f3n y marketing para empresas Tur\u00edsticas[\/et_pb_cta][\/et_pb_column][\/et_pb_row][\/et_pb_section]<\/p>\n","protected":false},"excerpt":{"rendered":"<p>[et_pb_section fullwidth=\u00bbon\u00bb specialty=\u00bboff\u00bb background_image=\u00bbhttps:\/\/smartourism.cat\/wp-content\/uploads\/2014\/07\/base_smartourism.png\u00bb background_color=\u00bb#ffffff\u00bb inner_shadow=\u00bbon\u00bb parallax=\u00bboff\u00bb parallax_method=\u00bboff\u00bb transparent_background=\u00bboff\u00bb][et_pb_fullwidth_menu admin_label=\u00bbMEN\u00da DE SECCI\u00d3N\u00bb menu_id=\u00bb17&#8243; background_color=\u00bb#3b6c72&#8243; background_layout=\u00bbdark\u00bb text_orientation=\u00bbleft\u00bb \/][\/et_pb_section][et_pb_section fullwidth=\u00bboff\u00bb specialty=\u00bboff\u00bb][et_pb_row][et_pb_column type=\u00bb1_4&#8243;][et_pb_cta admin_label=\u00bbCall To Action\u00bb title=\u00bbVer mi perfil en Linkedin\u00bb button_url=\u00bbes.linkedin.com\/in\/monicafont\/es\u00bb button_text=\u00bbIr\u00bb use_background_color=\u00bbon\u00bb background_color=\u00bb#f2f2f2&#8243; background_layout=\u00bblight\u00bb text_orientation=\u00bbcenter\u00bb \/][et_pb_image admin_label=\u00bbImage\u00bb src=\u00bbhttps:\/\/smartourism.cat\/wp-content\/uploads\/2014\/09\/monica_smartourism.png\u00bb show_in_lightbox=\u00bboff\u00bb url_new_window=\u00bboff\u00bb animation=\u00bboff\u00bb sticky=\u00bboff\u00bb \/][\/et_pb_column][et_pb_column type=\u00bb3_4&#8243;][et_pb_text admin_label=\u00bbText\u00bb background_layout=\u00bblight\u00bb text_orientation=\u00bbleft\u00bb] M\u00f2nica Font Ballb\u00e9 [\/et_pb_text][et_pb_text admin_label=\u00bbText\u00bb background_layout=\u00bblight\u00bb text_orientation=\u00bbleft\u00bb] Me encanta [&hellip;]<\/p>\n","protected":false},"author":2,"featured_media":0,"parent":0,"menu_order":0,"comment_status":"open","ping_status":"closed","template":"","meta":{"_et_pb_use_builder":"on","_et_pb_old_content":"[et_pb_section fullwidth=\"on\" specialty=\"off\" background_image=\"https:\/\/smartourism.cat\/wp-content\/uploads\/2014\/07\/base_smartourism.png\" background_color=\"#ffffff\" inner_shadow=\"on\" parallax=\"off\" parallax_method=\"off\" transparent_background=\"off\"][et_pb_fullwidth_menu admin_label=\"MEN\u00da DE SECCI\u00d3N\" menu_id=\"17\" background_color=\"#3b6c72\" background_layout=\"dark\" text_orientation=\"left\" \/][\/et_pb_section][et_pb_section fullwidth=\"off\" specialty=\"off\"][et_pb_row][et_pb_column type=\"1_4\"][et_pb_cta admin_label=\"Call To Action\" title=\"Veure el meu perfil a Linkedin\" button_url=\"es.linkedin.com\/in\/monicafont\/es\" button_text=\"Anar-hi\" use_background_color=\"on\" background_color=\"#f2f2f2\" background_layout=\"light\" text_orientation=\"center\" \/][et_pb_image admin_label=\"Image\" src=\"https:\/\/smartourism.cat\/wp-content\/uploads\/2014\/09\/monica_smartourism.png\" show_in_lightbox=\"off\" url_new_window=\"off\" animation=\"off\" sticky=\"off\" \/][\/et_pb_column][et_pb_column type=\"3_4\"][et_pb_text admin_label=\"Text\" background_layout=\"light\" text_orientation=\"left\"]\r\n<h2>M\u00f2nica Font Ballb\u00e9<\/h2>\r\n[\/et_pb_text][et_pb_text admin_label=\"Text\" background_layout=\"light\" text_orientation=\"left\"]\r\n\r\nM\u2019encanta viatjar. \u00c9s una de les meves passions des de sempre. I no nom\u00e9s viatjar, tamb\u00e9 la organitzaci\u00f3 de viatges i esdeveniments per a familiars i amics. No \u00e9s casualitat doncs que hagi acabat treballant en el sector tur\u00edstic, ara ja fa m\u00e9s de 15 anys.\r\n\r\nTreballo al sector tur\u00edstic des de joveneta i he passat per tot tipus d\u2019empreses: c\u00e0mping, hotels, lloguer de cotxes, oficines de turisme, museus, ag\u00e8ncies de viatges, receptius, OTA, consultoria turistica\u2026 tant a departaments operatius com en \u00e0rees m\u00e9s estrat\u00e8giques en entorns offline com online.\r\n\r\nAquesta experi\u00e8ncia juntament amb temporades viscudes a l\u2019estranger per raons d\u2019estudi o de feina i la sort d\u2019haver treballat al costat de els caps i companys molt professionals m\u2019ha donat una visi\u00f3 molt \u00e0mplia del sector tur\u00edstic.\r\n\r\nS\u00f3c especialista en disseny i comercialitzaci\u00f3 de productes i serveis tur\u00edstics.Tamb\u00e9 tinc coneixements de marketing, comercialitzaci\u00f3 i comunicaci\u00f3, revenue management i del sector tur\u00edstic en tots els nivells, tant en entorns online com offline, el que m\u2019ha proporcionat un ampli networking del sector.\r\n\r\nLes meves passions s\u00f3n internet, el turisme, la gastronomia i el senderisme.\r\n\r\nCol\u00b7laboro amb xarxa amb altres professionals del sector amb els quals tinc total confian\u00e7a.\r\n\r\n[\/et_pb_text][\/et_pb_column][\/et_pb_row][\/et_pb_section][et_pb_section fullwidth=\"off\" specialty=\"off\" background_image=\"https:\/\/smartourism.cat\/wp-content\/uploads\/2014\/07\/base_smartourism_blue_2.png\" transparent_background=\"off\" background_color=\"#ffffff\" inner_shadow=\"off\" parallax=\"off\" parallax_method=\"off\"][et_pb_row][et_pb_column type=\"4_4\"][et_pb_cta admin_label=\"Call To Action\" title=\"SMARTOURISM\" button_url=\"https:\/\/smartourism.cat\/contacte\/\" button_text=\"Contactar\" use_background_color=\"off\" background_color=\"#e5ca4b\" background_layout=\"dark\" text_orientation=\"center\"]Comercialitzaci\u00f3 i marketing per empreses Tur\u00edstiques[\/et_pb_cta][\/et_pb_column][\/et_pb_row][\/et_pb_section]","_et_gb_content_width":"","_mi_skip_tracking":false},"_links":{"self":[{"href":"https:\/\/smartourism.cat\/es\/wp-json\/wp\/v2\/pages\/3513"}],"collection":[{"href":"https:\/\/smartourism.cat\/es\/wp-json\/wp\/v2\/pages"}],"about":[{"href":"https:\/\/smartourism.cat\/es\/wp-json\/wp\/v2\/types\/page"}],"author":[{"embeddable":true,"href":"https:\/\/smartourism.cat\/es\/wp-json\/wp\/v2\/users\/2"}],"replies":[{"embeddable":true,"href":"https:\/\/smartourism.cat\/es\/wp-json\/wp\/v2\/comments?post=3513"}],"version-history":[{"count":8,"href":"https:\/\/smartourism.cat\/es\/wp-json\/wp\/v2\/pages\/3513\/revisions"}],"predecessor-version":[{"id":3852,"href":"https:\/\/smartourism.cat\/es\/wp-json\/wp\/v2\/pages\/3513\/revisions\/3852"}],"wp:attachment":[{"href":"https:\/\/smartourism.cat\/es\/wp-json\/wp\/v2\/media?parent=3513"}],"curies":[{"name":"wp","href":"https:\/\/api.w.org\/{rel}","templated":true}]}}