   {"id":3523,"date":"2014-10-09T19:38:10","date_gmt":"2014-10-09T17:38:10","guid":{"rendered":"https:\/\/smartourism.cat\/?page_id=3523"},"modified":"2014-11-13T13:56:45","modified_gmt":"2014-11-13T11:56:45","slug":"asesoramiento-comercial","status":"publish","type":"page","link":"https:\/\/smartourism.cat\/es\/servicios\/asesoramiento-comercial\/","title":{"rendered":"Asesoramiento Comercial"},"content":{"rendered":"<p>[et_pb_section fullwidth=\u00bbon\u00bb specialty=\u00bboff\u00bb background_image=\u00bbhttps:\/\/smartourism.cat\/wp-content\/uploads\/2014\/07\/base_smartourism.png\u00bb background_color=\u00bb#ffffff\u00bb inner_shadow=\u00bbon\u00bb parallax=\u00bboff\u00bb parallax_method=\u00bboff\u00bb transparent_background=\u00bboff\u00bb][et_pb_fullwidth_menu admin_label=\u00bbMEN\u00da DE SECCI\u00d3N\u00bb menu_id=\u00bb15&#8243; background_color=\u00bb#3b6c72&#8243; background_layout=\u00bbdark\u00bb text_orientation=\u00bbleft\u00bb \/][\/et_pb_section][et_pb_section fullwidth=\u00bboff\u00bb specialty=\u00bboff\u00bb][et_pb_row][et_pb_column type=\u00bb1_4&#8243;][et_pb_image admin_label=\u00bbImage\u00bb src=\u00bbhttps:\/\/smartourism.cat\/wp-content\/uploads\/2014\/07\/logo-slide-smartourism.png\u00bb show_in_lightbox=\u00bboff\u00bb url_new_window=\u00bboff\u00bb animation=\u00bboff\u00bb sticky=\u00bboff\u00bb \/][\/et_pb_column][et_pb_column type=\u00bb3_4&#8243;][et_pb_text admin_label=\u00bbText\u00bb background_layout=\u00bblight\u00bb text_orientation=\u00bbleft\u00bb]<\/p>\n<h2>Asesoramiento comercial.<\/h2>\n<p>[\/et_pb_text][et_pb_text admin_label=\u00bbText\u00bb background_layout=\u00bblight\u00bb text_orientation=\u00bbleft\u00bb]<\/p>\n<p>\u00bfBuscas un consultor comercial? Nosotros te podemos ayudar<\/p>\n<p>Algunas de nuestras propuestas:<\/p>\n<p style=\"padding-left: 30px;\">\u2022 Asesoramiento y dise\u00f1o de la estrategia comercial de tu empresa<br \/>\n\u2022 Creaci\u00f3n del plan de acci\u00f3n comercial<br \/>\n\u2022 Selecci\u00f3n del personal del departamento de ventas<br \/>\n\u2022 Formaci\u00f3n del personal<br \/>\n\u2022 Creaci\u00f3n de procedimientos de la operativa de los diferentes departamentos que intervienen (comercial, marketing, recepci\u00f3n, reservas, etc)<br \/>\n\u2022 Contrataci\u00f3n de los canales de distribuci\u00f3n para vender tu producto<br \/>\n\u2022 Creaci\u00f3n de bases de datos de clientes<br \/>\n\u2022 Elecci\u00f3n de las mejores herramientas para operar (CRM, programa emailing, channel manager, gestor de la reputaci\u00f3n online, etc)<\/p>\n<p>[\/et_pb_text][\/et_pb_column][\/et_pb_row][\/et_pb_section][et_pb_section fullwidth=\u00bbon\u00bb specialty=\u00bboff\u00bb background_color=\u00bb#333333&#8243; inner_shadow=\u00bboff\u00bb parallax=\u00bboff\u00bb parallax_method=\u00bboff\u00bb background_image=\u00bbhttps:\/\/smartourism.cat\/wp-content\/uploads\/2014\/07\/base_smartourism_blue_2.png\u00bb transparent_background=\u00bboff\u00bb][et_pb_fullwidth_header admin_label=\u00bbLEMA FULL\u00bb title=\u00bbComercializaci\u00f3n y marketing para empresas Tur\u00edsticas\u00bb background_layout=\u00bbdark\u00bb text_orientation=\u00bbcenter\u00bb \/][\/et_pb_section]<\/p>\n","protected":false},"excerpt":{"rendered":"<p>[et_pb_section fullwidth=\u00bbon\u00bb specialty=\u00bboff\u00bb background_image=\u00bbhttps:\/\/smartourism.cat\/wp-content\/uploads\/2014\/07\/base_smartourism.png\u00bb background_color=\u00bb#ffffff\u00bb inner_shadow=\u00bbon\u00bb parallax=\u00bboff\u00bb parallax_method=\u00bboff\u00bb transparent_background=\u00bboff\u00bb][et_pb_fullwidth_menu admin_label=\u00bbMEN\u00da DE SECCI\u00d3N\u00bb menu_id=\u00bb15&#8243; background_color=\u00bb#3b6c72&#8243; background_layout=\u00bbdark\u00bb text_orientation=\u00bbleft\u00bb \/][\/et_pb_section][et_pb_section fullwidth=\u00bboff\u00bb specialty=\u00bboff\u00bb][et_pb_row][et_pb_column type=\u00bb1_4&#8243;][et_pb_image admin_label=\u00bbImage\u00bb src=\u00bbhttps:\/\/smartourism.cat\/wp-content\/uploads\/2014\/07\/logo-slide-smartourism.png\u00bb show_in_lightbox=\u00bboff\u00bb url_new_window=\u00bboff\u00bb animation=\u00bboff\u00bb sticky=\u00bboff\u00bb \/][\/et_pb_column][et_pb_column type=\u00bb3_4&#8243;][et_pb_text admin_label=\u00bbText\u00bb background_layout=\u00bblight\u00bb text_orientation=\u00bbleft\u00bb] Asesoramiento comercial. [\/et_pb_text][et_pb_text admin_label=\u00bbText\u00bb background_layout=\u00bblight\u00bb text_orientation=\u00bbleft\u00bb] \u00bfBuscas un consultor comercial? Nosotros te podemos ayudar Algunas de nuestras propuestas: \u2022 Asesoramiento y dise\u00f1o de la [&hellip;]<\/p>\n","protected":false},"author":2,"featured_media":0,"parent":3517,"menu_order":0,"comment_status":"open","ping_status":"closed","template":"","meta":{"_et_pb_use_builder":"on","_et_pb_old_content":"[et_pb_section fullwidth=\"on\" specialty=\"off\" background_image=\"https:\/\/smartourism.cat\/wp-content\/uploads\/2014\/07\/base_smartourism.png\" background_color=\"#ffffff\" inner_shadow=\"on\" parallax=\"off\" parallax_method=\"off\" transparent_background=\"off\"][et_pb_fullwidth_menu admin_label=\"MEN\u00da DE SECCI\u00d3N\" menu_id=\"15\" background_color=\"#3b6c72\" background_layout=\"dark\" text_orientation=\"left\" \/][\/et_pb_section][et_pb_section fullwidth=\"off\" specialty=\"off\"][et_pb_row][et_pb_column type=\"1_4\"][et_pb_image admin_label=\"Image\" src=\"https:\/\/smartourism.cat\/wp-content\/uploads\/2014\/07\/logo-slide-smartourism.png\" show_in_lightbox=\"off\" url_new_window=\"off\" animation=\"off\" sticky=\"off\" \/][\/et_pb_column][et_pb_column type=\"3_4\"][et_pb_text admin_label=\"Text\" background_layout=\"light\" text_orientation=\"left\"]\r\n<h2>Assessorament comercial.<\/h2>\r\n[\/et_pb_text][et_pb_text admin_label=\"Text\" background_layout=\"light\" text_orientation=\"left\"]\r\n\r\nBusques un consultor comercial, nosaltres et podem ajudar.\r\n\r\nAlgunes de les nostres propostes:\r\n<p style=\"padding-left: 30px;\">\u2022 Assessorament i disseny de l\u2019estrat\u00e8gia comercial de la teva empresa\r\n\u2022 Creaci\u00f3 del pla d\u2019acci\u00f3 comercial\r\n\u2022 Selecci\u00f3 del personal del departament de vendes\r\n\u2022 Formaci\u00f3 del personal\r\n\u2022 Creaci\u00f3 dels procediments de l'operativa dels diferents departaments que intervenen (comercial, m\u00e0rqueting, recepci\u00f3, reserves, etc)\r\n\u2022 Contractaci\u00f3 dels canals de distribuci\u00f3 per vendre el teu producte\r\n\u2022 Creaci\u00f3 de bases de dades de clients\r\n\u2022 Elecci\u00f3 de les millors eines per operar (CRM, programa emailing, channel manager, gestor de la reputaci\u00f3 online, etc)\r\n\u2022 Acompanyament al dia del departament<\/p>\r\n[\/et_pb_text][\/et_pb_column][\/et_pb_row][\/et_pb_section][et_pb_section fullwidth=\"on\" specialty=\"off\" background_color=\"#333333\" inner_shadow=\"off\" parallax=\"off\" parallax_method=\"off\" background_image=\"https:\/\/smartourism.cat\/wp-content\/uploads\/2014\/07\/base_smartourism_blue_2.png\" transparent_background=\"off\"][et_pb_fullwidth_header admin_label=\"LEMA FULL\" title=\"Comercialitzaci\u00f3 i marketing per empreses Tur\u00edstiques\" background_layout=\"dark\" text_orientation=\"center\" \/][\/et_pb_section]","_et_gb_content_width":"","_mi_skip_tracking":false},"_links":{"self":[{"href":"https:\/\/smartourism.cat\/es\/wp-json\/wp\/v2\/pages\/3523"}],"collection":[{"href":"https:\/\/smartourism.cat\/es\/wp-json\/wp\/v2\/pages"}],"about":[{"href":"https:\/\/smartourism.cat\/es\/wp-json\/wp\/v2\/types\/page"}],"author":[{"embeddable":true,"href":"https:\/\/smartourism.cat\/es\/wp-json\/wp\/v2\/users\/2"}],"replies":[{"embeddable":true,"href":"https:\/\/smartourism.cat\/es\/wp-json\/wp\/v2\/comments?post=3523"}],"version-history":[{"count":3,"href":"https:\/\/smartourism.cat\/es\/wp-json\/wp\/v2\/pages\/3523\/revisions"}],"predecessor-version":[{"id":3836,"href":"https:\/\/smartourism.cat\/es\/wp-json\/wp\/v2\/pages\/3523\/revisions\/3836"}],"up":[{"embeddable":true,"href":"https:\/\/smartourism.cat\/es\/wp-json\/wp\/v2\/pages\/3517"}],"wp:attachment":[{"href":"https:\/\/smartourism.cat\/es\/wp-json\/wp\/v2\/media?parent=3523"}],"curies":[{"name":"wp","href":"https:\/\/api.w.org\/{rel}","templated":true}]}}