   {"id":3535,"date":"2014-10-09T19:57:37","date_gmt":"2014-10-09T17:57:37","guid":{"rendered":"https:\/\/smartourism.cat\/?page_id=3535"},"modified":"2014-11-13T14:22:20","modified_gmt":"2014-11-13T12:22:20","slug":"externalizacion-del-departamento-comercial","status":"publish","type":"page","link":"https:\/\/smartourism.cat\/es\/servicios\/externalizacion-del-departamento-comercial\/","title":{"rendered":"Externalizaci\u00f3n del departamento comercial"},"content":{"rendered":"<p>[et_pb_section fullwidth=\u00bbon\u00bb specialty=\u00bboff\u00bb background_image=\u00bbhttps:\/\/smartourism.cat\/wp-content\/uploads\/2014\/07\/base_smartourism.png\u00bb background_color=\u00bb#ffffff\u00bb inner_shadow=\u00bbon\u00bb parallax=\u00bboff\u00bb parallax_method=\u00bboff\u00bb transparent_background=\u00bboff\u00bb][et_pb_fullwidth_menu admin_label=\u00bbMEN\u00da DE SECCI\u00d3N\u00bb menu_id=\u00bb15&#8243; background_color=\u00bb#3b6c72&#8243; background_layout=\u00bbdark\u00bb text_orientation=\u00bbleft\u00bb \/][\/et_pb_section][et_pb_section fullwidth=\u00bboff\u00bb specialty=\u00bboff\u00bb][et_pb_row][et_pb_column type=\u00bb1_4&#8243;][et_pb_image admin_label=\u00bbImage\u00bb src=\u00bbhttps:\/\/smartourism.cat\/wp-content\/uploads\/2014\/07\/logo-slide-smartourism.png\u00bb show_in_lightbox=\u00bboff\u00bb url_new_window=\u00bboff\u00bb animation=\u00bboff\u00bb sticky=\u00bboff\u00bb \/][\/et_pb_column][et_pb_column type=\u00bb3_4&#8243;][et_pb_text admin_label=\u00bbText\u00bb background_layout=\u00bblight\u00bb text_orientation=\u00bbleft\u00bb]<\/p>\n<h2>Externalizaci\u00f3n del departamento comercial.<\/h2>\n<p>[\/et_pb_text][et_pb_text admin_label=\u00bbText\u00bb background_layout=\u00bblight\u00bb text_orientation=\u00bbleft\u00bb]<\/p>\n<p>Si buscas un <em>outsourcing<\/em> comercial o representaci\u00f3n comercial de tu empresa tur\u00edstica, podemos hablar.<\/p>\n<p>Nos dirigimos principalmente a:<\/p>\n<p>&nbsp;<\/p>\n<ul>\n<li>Peque\u00f1as empresas que necesitan un profesional con experiencia unas horas a la semana<\/li>\n<li>Empresas que quieren abrir mercado en una zona concreta<\/li>\n<li>Nuevas empresas del sector tur\u00edstico y <em>startups<\/em><\/li>\n<li>Hoteles, hostales, albergues de juventud, agencias de viaje receptivas, empresas de turismo de aventura, empresas de gu\u00edas tur\u00edsticos y destinos tur\u00edsticos que necesiten de los servicios de un profesional cualificado para comercializarse<\/li>\n<li>Asociaciones tur\u00edsticas de un destino que quieran unirse para promocionar sus productos y servicios<\/li>\n<li>Clubes de producto<\/li>\n<\/ul>\n<p>[\/et_pb_text][et_pb_image admin_label=\u00bbImage\u00bb src=\u00bbhttps:\/\/smartourism.cat\/wp-content\/uploads\/2014\/07\/externalizacioncomercialhotel.jpg\u00bb show_in_lightbox=\u00bboff\u00bb url_new_window=\u00bboff\u00bb animation=\u00bboff\u00bb sticky=\u00bboff\u00bb \/][\/et_pb_column][\/et_pb_row][\/et_pb_section][et_pb_section fullwidth=\u00bbon\u00bb specialty=\u00bboff\u00bb background_color=\u00bb#333333&#8243; inner_shadow=\u00bboff\u00bb parallax=\u00bboff\u00bb parallax_method=\u00bboff\u00bb background_image=\u00bbhttps:\/\/smartourism.cat\/wp-content\/uploads\/2014\/07\/base_smartourism_blue_2.png\u00bb transparent_background=\u00bboff\u00bb][et_pb_fullwidth_header admin_label=\u00bbLEMA FULL\u00bb title=\u00bbComercializaci\u00f3n y marketing para empresas Tur\u00edsticas\u00bb background_layout=\u00bbdark\u00bb text_orientation=\u00bbcenter\u00bb \/][\/et_pb_section]<\/p>\n","protected":false},"excerpt":{"rendered":"<p>[et_pb_section fullwidth=\u00bbon\u00bb specialty=\u00bboff\u00bb background_image=\u00bbhttps:\/\/smartourism.cat\/wp-content\/uploads\/2014\/07\/base_smartourism.png\u00bb background_color=\u00bb#ffffff\u00bb inner_shadow=\u00bbon\u00bb parallax=\u00bboff\u00bb parallax_method=\u00bboff\u00bb transparent_background=\u00bboff\u00bb][et_pb_fullwidth_menu admin_label=\u00bbMEN\u00da DE SECCI\u00d3N\u00bb menu_id=\u00bb15&#8243; background_color=\u00bb#3b6c72&#8243; background_layout=\u00bbdark\u00bb text_orientation=\u00bbleft\u00bb \/][\/et_pb_section][et_pb_section fullwidth=\u00bboff\u00bb specialty=\u00bboff\u00bb][et_pb_row][et_pb_column type=\u00bb1_4&#8243;][et_pb_image admin_label=\u00bbImage\u00bb src=\u00bbhttps:\/\/smartourism.cat\/wp-content\/uploads\/2014\/07\/logo-slide-smartourism.png\u00bb show_in_lightbox=\u00bboff\u00bb url_new_window=\u00bboff\u00bb animation=\u00bboff\u00bb sticky=\u00bboff\u00bb \/][\/et_pb_column][et_pb_column type=\u00bb3_4&#8243;][et_pb_text admin_label=\u00bbText\u00bb background_layout=\u00bblight\u00bb text_orientation=\u00bbleft\u00bb] Externalizaci\u00f3n del departamento comercial. [\/et_pb_text][et_pb_text admin_label=\u00bbText\u00bb background_layout=\u00bblight\u00bb text_orientation=\u00bbleft\u00bb] Si buscas un outsourcing comercial o representaci\u00f3n comercial de tu empresa tur\u00edstica, podemos hablar. Nos dirigimos [&hellip;]<\/p>\n","protected":false},"author":2,"featured_media":0,"parent":3517,"menu_order":0,"comment_status":"open","ping_status":"closed","template":"","meta":{"_et_pb_use_builder":"on","_et_pb_old_content":"[et_pb_section fullwidth=\"on\" specialty=\"off\" background_image=\"https:\/\/smartourism.cat\/wp-content\/uploads\/2014\/07\/base_smartourism.png\" background_color=\"#ffffff\" inner_shadow=\"on\" parallax=\"off\" parallax_method=\"off\" transparent_background=\"off\"][et_pb_fullwidth_menu admin_label=\"MEN\u00da DE SECCI\u00d3N\" menu_id=\"15\" background_color=\"#3b6c72\" background_layout=\"dark\" text_orientation=\"left\" \/][\/et_pb_section][et_pb_section fullwidth=\"off\" specialty=\"off\"][et_pb_row][et_pb_column type=\"1_4\"][et_pb_image admin_label=\"Image\" src=\"https:\/\/smartourism.cat\/wp-content\/uploads\/2014\/07\/logo-slide-smartourism.png\" show_in_lightbox=\"off\" url_new_window=\"off\" animation=\"off\" sticky=\"off\" \/][\/et_pb_column][et_pb_column type=\"3_4\"][et_pb_text admin_label=\"Text\" background_layout=\"light\" text_orientation=\"left\"]\r\n<h2>Externalitzaci\u00f3 del departament comercial.<\/h2>\r\n[\/et_pb_text][et_pb_text admin_label=\"Text\" background_layout=\"light\" text_orientation=\"left\"]\r\n\r\nSi busques un <em>outsourcing <\/em>comercial o representaci\u00f3 comercial de la teva empresa tur\u00edstica, podem parlar.\r\n\r\nEns adrecem principalment a:\r\n\r\n\u00a0\r\n<ul>\r\n\t<li>Petites empreses que necessiten un professional amb experi\u00e8ncia unes hores a la setmana<\/li>\r\n\t<li>Empreses que volen obrir mercat en una zona concreta<\/li>\r\n\t<li>Noves empreses del sector tur\u00edstic i <em>startups<\/em><\/li>\r\n\t<li>Hotels, hostals, Albergs de joventut, ag\u00e8ncies de viatge receptives, empreses de turisme d\u2019aventura, empreses de guies tur\u00edstics i destinacions tur\u00edstiques que necessitin els serveis d\u2019un professional qualificat per a comercialitzar-se<\/li>\r\n\t<li>Associacions tur\u00edstiques d\u2019una destinaci\u00f3 que vulguin unir-se per a promocionar els seus productes i serveis<\/li>\r\n\t<li>Clubs de producte<\/li>\r\n<\/ul>\r\n[\/et_pb_text][et_pb_image admin_label=\"Image\" src=\"https:\/\/smartourism.cat\/wp-content\/uploads\/2014\/07\/externalizacioncomercialhotel.jpg\" show_in_lightbox=\"off\" url_new_window=\"off\" animation=\"off\" sticky=\"off\" \/][\/et_pb_column][\/et_pb_row][\/et_pb_section][et_pb_section fullwidth=\"on\" specialty=\"off\" background_color=\"#333333\" inner_shadow=\"off\" parallax=\"off\" parallax_method=\"off\" background_image=\"https:\/\/smartourism.cat\/wp-content\/uploads\/2014\/07\/base_smartourism_blue_2.png\" transparent_background=\"off\"][et_pb_fullwidth_header admin_label=\"LEMA FULL\" title=\"Comercialitzaci\u00f3 i marketing per empreses Tur\u00edstiques\" background_layout=\"dark\" text_orientation=\"center\" \/][\/et_pb_section]","_et_gb_content_width":"","_mi_skip_tracking":false},"_links":{"self":[{"href":"https:\/\/smartourism.cat\/es\/wp-json\/wp\/v2\/pages\/3535"}],"collection":[{"href":"https:\/\/smartourism.cat\/es\/wp-json\/wp\/v2\/pages"}],"about":[{"href":"https:\/\/smartourism.cat\/es\/wp-json\/wp\/v2\/types\/page"}],"author":[{"embeddable":true,"href":"https:\/\/smartourism.cat\/es\/wp-json\/wp\/v2\/users\/2"}],"replies":[{"embeddable":true,"href":"https:\/\/smartourism.cat\/es\/wp-json\/wp\/v2\/comments?post=3535"}],"version-history":[{"count":2,"href":"https:\/\/smartourism.cat\/es\/wp-json\/wp\/v2\/pages\/3535\/revisions"}],"predecessor-version":[{"id":3846,"href":"https:\/\/smartourism.cat\/es\/wp-json\/wp\/v2\/pages\/3535\/revisions\/3846"}],"up":[{"embeddable":true,"href":"https:\/\/smartourism.cat\/es\/wp-json\/wp\/v2\/pages\/3517"}],"wp:attachment":[{"href":"https:\/\/smartourism.cat\/es\/wp-json\/wp\/v2\/media?parent=3535"}],"curies":[{"name":"wp","href":"https:\/\/api.w.org\/{rel}","templated":true}]}}