   {"id":3539,"date":"2014-10-09T20:26:03","date_gmt":"2014-10-09T18:26:03","guid":{"rendered":"https:\/\/smartourism.cat\/?page_id=3539"},"modified":"2015-02-20T10:35:28","modified_gmt":"2015-02-20T08:35:28","slug":"marketing-y-comunicacion","status":"publish","type":"page","link":"https:\/\/smartourism.cat\/es\/servicios\/marketing-y-comunicacion\/","title":{"rendered":"Marketing y comunicaci\u00f3n"},"content":{"rendered":"<p>[et_pb_section fullwidth=\u00bbon\u00bb specialty=\u00bboff\u00bb background_image=\u00bbhttps:\/\/smartourism.cat\/wp-content\/uploads\/2014\/07\/base_smartourism.png\u00bb background_color=\u00bb#ffffff\u00bb inner_shadow=\u00bbon\u00bb parallax=\u00bboff\u00bb parallax_method=\u00bboff\u00bb transparent_background=\u00bboff\u00bb][et_pb_fullwidth_menu admin_label=\u00bbMEN\u00da DE SECCI\u00d3N\u00bb menu_id=\u00bb15&#8243; background_color=\u00bb#3b6c72&#8243; background_layout=\u00bbdark\u00bb text_orientation=\u00bbleft\u00bb \/][\/et_pb_section][et_pb_section fullwidth=\u00bboff\u00bb specialty=\u00bboff\u00bb][et_pb_row][et_pb_column type=\u00bb1_4&#8243;][et_pb_image admin_label=\u00bbImage\u00bb src=\u00bbhttps:\/\/smartourism.cat\/wp-content\/uploads\/2014\/07\/logo-slide-smartourism.png\u00bb show_in_lightbox=\u00bboff\u00bb url_new_window=\u00bboff\u00bb animation=\u00bboff\u00bb sticky=\u00bboff\u00bb \/][\/et_pb_column][et_pb_column type=\u00bb3_4&#8243;][et_pb_text admin_label=\u00bbText\u00bb background_layout=\u00bblight\u00bb text_orientation=\u00bbleft\u00bb]<\/p>\n<h2>Marketing y comunicaci\u00f3n.<\/h2>\n<p>[\/et_pb_text][et_pb_text admin_label=\u00bbText\u00bb background_layout=\u00bblight\u00bb text_orientation=\u00bbleft\u00bb]<\/p>\n<p>Si buscas un responsable de marketing y comunicaci\u00f3n externo para tu empresa tur\u00edstica, hotel, agencia de viajes, agencia de viajes receptiva, OTA \u200b\u200bo destino tur\u00edstico.<\/p>\n<p>Te podemos ayudar en:<\/p>\n<ul>\n<li>Creaci\u00f3n del plan de m\u00e1rqueting<\/li>\n<li>B\u00fasqueda de nichos de mercados<\/li>\n<li>Creaci\u00f3n de productos dirigidos a los diferentes segmentos de mercado<\/li>\n<li>Colaboraci\u00f3n con empresas cercanas, de la zona para crear productos conjuntos<\/li>\n<li>Notas de prensa<\/li>\n<\/ul>\n<p>[\/et_pb_text][\/et_pb_column][\/et_pb_row][\/et_pb_section][et_pb_section fullwidth=\u00bbon\u00bb specialty=\u00bboff\u00bb background_color=\u00bb#333333&#8243; inner_shadow=\u00bboff\u00bb parallax=\u00bboff\u00bb parallax_method=\u00bboff\u00bb background_image=\u00bbhttps:\/\/smartourism.cat\/wp-content\/uploads\/2014\/07\/base_smartourism_blue_2.png\u00bb transparent_background=\u00bboff\u00bb][et_pb_fullwidth_header admin_label=\u00bbLEMA FULL\u00bb title=\u00bbComercializaci\u00f3n y marketing para empresas Tur\u00edsticas\u00bb background_layout=\u00bbdark\u00bb text_orientation=\u00bbcenter\u00bb \/][\/et_pb_section]<\/p>\n","protected":false},"excerpt":{"rendered":"<p>[et_pb_section fullwidth=\u00bbon\u00bb specialty=\u00bboff\u00bb background_image=\u00bbhttps:\/\/smartourism.cat\/wp-content\/uploads\/2014\/07\/base_smartourism.png\u00bb background_color=\u00bb#ffffff\u00bb inner_shadow=\u00bbon\u00bb parallax=\u00bboff\u00bb parallax_method=\u00bboff\u00bb transparent_background=\u00bboff\u00bb][et_pb_fullwidth_menu admin_label=\u00bbMEN\u00da DE SECCI\u00d3N\u00bb menu_id=\u00bb15&#8243; background_color=\u00bb#3b6c72&#8243; background_layout=\u00bbdark\u00bb text_orientation=\u00bbleft\u00bb \/][\/et_pb_section][et_pb_section fullwidth=\u00bboff\u00bb specialty=\u00bboff\u00bb][et_pb_row][et_pb_column type=\u00bb1_4&#8243;][et_pb_image admin_label=\u00bbImage\u00bb src=\u00bbhttps:\/\/smartourism.cat\/wp-content\/uploads\/2014\/07\/logo-slide-smartourism.png\u00bb show_in_lightbox=\u00bboff\u00bb url_new_window=\u00bboff\u00bb animation=\u00bboff\u00bb sticky=\u00bboff\u00bb \/][\/et_pb_column][et_pb_column type=\u00bb3_4&#8243;][et_pb_text admin_label=\u00bbText\u00bb background_layout=\u00bblight\u00bb text_orientation=\u00bbleft\u00bb] Marketing y comunicaci\u00f3n. [\/et_pb_text][et_pb_text admin_label=\u00bbText\u00bb background_layout=\u00bblight\u00bb text_orientation=\u00bbleft\u00bb] Si buscas un responsable de marketing y comunicaci\u00f3n externo para tu empresa tur\u00edstica, hotel, agencia de viajes, [&hellip;]<\/p>\n","protected":false},"author":2,"featured_media":0,"parent":3517,"menu_order":0,"comment_status":"open","ping_status":"closed","template":"","meta":{"_et_pb_use_builder":"on","_et_pb_old_content":"[et_pb_section fullwidth=\"on\" specialty=\"off\" background_image=\"https:\/\/smartourism.cat\/wp-content\/uploads\/2014\/07\/base_smartourism.png\" background_color=\"#ffffff\" inner_shadow=\"on\" parallax=\"off\" parallax_method=\"off\" transparent_background=\"off\"][et_pb_fullwidth_menu admin_label=\"MEN\u00da DE SECCI\u00d3N\" menu_id=\"15\" background_color=\"#3b6c72\" background_layout=\"dark\" text_orientation=\"left\" \/][\/et_pb_section][et_pb_section fullwidth=\"off\" specialty=\"off\"][et_pb_row][et_pb_column type=\"1_4\"][et_pb_image admin_label=\"Image\" src=\"https:\/\/smartourism.cat\/wp-content\/uploads\/2014\/07\/logo-slide-smartourism.png\" show_in_lightbox=\"off\" url_new_window=\"off\" animation=\"off\" sticky=\"off\" \/][\/et_pb_column][et_pb_column type=\"3_4\"][et_pb_text admin_label=\"Text\" background_layout=\"light\" text_orientation=\"left\"]\r\n<h2>Marketing i comunicaci\u00f3.<\/h2>\r\n[\/et_pb_text][et_pb_text admin_label=\"Text\" background_layout=\"light\" text_orientation=\"left\"]\r\n\r\nSi busques un responsable de marketing i comunicaci\u00f3 extern per a la teva empresa tur\u00edstica, hotel, ag\u00e8ncia de viatges, receptius, OTA o destinacions tur\u00edstiques. Et podem ajudar en:\r\n\r\n\u00a0\r\n<ul>\r\n\t<li>Creaci\u00f3 del pla de m\u00e0rqueting<\/li>\r\n\t<li>Cerca de n\u00ednxols de mercats<\/li>\r\n\t<li>Creaci\u00f3 de productes dirigits als diferents segments de mercat<\/li>\r\n\t<li>Col\u00b7laboraci\u00f3 amb empreses de la zona per crear productes conjunts<\/li>\r\n\t<li>Notes de premsa<\/li>\r\n<\/ul>\r\n[\/et_pb_text][\/et_pb_column][\/et_pb_row][\/et_pb_section][et_pb_section fullwidth=\"on\" specialty=\"off\" background_color=\"#333333\" inner_shadow=\"off\" parallax=\"off\" parallax_method=\"off\" background_image=\"https:\/\/smartourism.cat\/wp-content\/uploads\/2014\/07\/base_smartourism_blue_2.png\" transparent_background=\"off\"][et_pb_fullwidth_header admin_label=\"LEMA FULL\" title=\"Comercialitzaci\u00f3 i marketing per empreses Tur\u00edstiques\" background_layout=\"dark\" text_orientation=\"center\" \/][\/et_pb_section]","_et_gb_content_width":"","_mi_skip_tracking":false},"_links":{"self":[{"href":"https:\/\/smartourism.cat\/es\/wp-json\/wp\/v2\/pages\/3539"}],"collection":[{"href":"https:\/\/smartourism.cat\/es\/wp-json\/wp\/v2\/pages"}],"about":[{"href":"https:\/\/smartourism.cat\/es\/wp-json\/wp\/v2\/types\/page"}],"author":[{"embeddable":true,"href":"https:\/\/smartourism.cat\/es\/wp-json\/wp\/v2\/users\/2"}],"replies":[{"embeddable":true,"href":"https:\/\/smartourism.cat\/es\/wp-json\/wp\/v2\/comments?post=3539"}],"version-history":[{"count":4,"href":"https:\/\/smartourism.cat\/es\/wp-json\/wp\/v2\/pages\/3539\/revisions"}],"predecessor-version":[{"id":3943,"href":"https:\/\/smartourism.cat\/es\/wp-json\/wp\/v2\/pages\/3539\/revisions\/3943"}],"up":[{"embeddable":true,"href":"https:\/\/smartourism.cat\/es\/wp-json\/wp\/v2\/pages\/3517"}],"wp:attachment":[{"href":"https:\/\/smartourism.cat\/es\/wp-json\/wp\/v2\/media?parent=3539"}],"curies":[{"name":"wp","href":"https:\/\/api.w.org\/{rel}","templated":true}]}}